{"id":6325,"date":"2025-08-07T15:53:36","date_gmt":"2025-08-07T13:53:36","guid":{"rendered":"https:\/\/monechelle.ma\/product\/lot-echafaudage-fixe-r200\/"},"modified":"2026-02-04T15:26:36","modified_gmt":"2026-02-04T14:26:36","slug":"lot-echafaudage-fixe-r200","status":"publish","type":"product","link":"https:\/\/monechelle.ma\/ar\/product\/lot-echafaudage-fixe-r200\/","title":{"rendered":"Lot \u00c9chafaudage Fixe R200"},"content":{"rendered":"<p>Nous travaillons exclusivement avec la marque COMABI, fabriquant d\u2019\u00e9chafaudages fixes qui r\u00e9pondent aux besoins et exigences de tous les corps de m\u00e9tier (finition, maintenance, r\u00e9novation et construction).<\/p>","protected":false},"excerpt":{"rendered":"<div class=\"certif\"><img loading=\"lazy\" decoding=\"async\" width=\"128\" height=\"40\" class=\"p-comabi\" src=\"https:\/\/monechelle.ma\/wp-content\/uploads\/2025\/09\/comabi.webp\" alt=\"comabi\"><br \/>\n<img loading=\"lazy\" decoding=\"async\" width=\"100\" height=\"100\" class=\"nf\" src=\"https:\/\/monechelle.ma\/wp-content\/uploads\/2025\/09\/nf.webp\" alt=\"nf\"><br \/>\n<img loading=\"lazy\" decoding=\"async\" width=\"100\" height=\"100\" class=\"fr\" src=\"https:\/\/monechelle.ma\/wp-content\/uploads\/2025\/09\/fabrique-en-france.webp\" alt=\"fabrique-en-france\"><\/div>\n<p>Le R200 PROGRESS COMABI est un \u00e9chafaudage de fa\u00e7ade en acier galvanis\u00e9 de type \u00ab\u00a0cadre en H\u00a0\u00bb id\u00e9al pour les peintres et fa\u00e7adiers.<br \/>\nTr\u00e8s polyvalent gr\u00e2ce \u00e0 sa compatibilit\u00e9 avec l&rsquo;\u00e9chafaudage multidirectionnel  M368.<br \/>\nL&rsquo;assemblage est rapide et intuitif gr\u00e2ce aux diagonales index\u00e9es et son passage libre de 75cm permet un travail confortable.<\/p>\n<p><em>Les cales en bois et les ancrages ne sont pas fournis avec les lots, mais peuvent \u00eatre inclus si chiffr\u00e9s.<\/em><\/p>","protected":false},"featured_media":6324,"comment_status":"open","ping_status":"closed","template":"","meta":{"_acf_changed":false,"_bst_post_transparent":"default","_bst_post_title":"","_bst_post_layout":"default","_bst_post_sidebar_id":"","_bst_post_content_style":"default","_bst_post_vertical_padding":"default","_bst_post_feature":"","_bst_post_feature_position":"","_bst_post_header":false,"_bst_post_footer":false},"pwb-brand":[556],"product_brand":[],"product_cat":[],"product_tag":[],"product_brands":[],"class_list":{"0":"post-6325","1":"product","2":"type-product","3":"status-publish","4":"has-post-thumbnail","6":"pwb-brand-comabi","8":"first","9":"instock","10":"shipping-taxable","11":"product-type-simple","12":"entry","13":"content-bg","14":"loop-entry"},"acf":[],"brands":[{"id":556,"name":"COMABI","slug":"comabi"}],"_links":{"self":[{"href":"https:\/\/monechelle.ma\/ar\/wp-json\/wp\/v2\/product\/6325","targetHints":{"allow":["GET"]}}],"collection":[{"href":"https:\/\/monechelle.ma\/ar\/wp-json\/wp\/v2\/product"}],"about":[{"href":"https:\/\/monechelle.ma\/ar\/wp-json\/wp\/v2\/types\/product"}],"replies":[{"embeddable":true,"href":"https:\/\/monechelle.ma\/ar\/wp-json\/wp\/v2\/comments?post=6325"}],"version-history":[{"count":5,"href":"https:\/\/monechelle.ma\/ar\/wp-json\/wp\/v2\/product\/6325\/revisions"}],"predecessor-version":[{"id":7274,"href":"https:\/\/monechelle.ma\/ar\/wp-json\/wp\/v2\/product\/6325\/revisions\/7274"}],"wp:featuredmedia":[{"embeddable":true,"href":"https:\/\/monechelle.ma\/ar\/wp-json\/wp\/v2\/media\/6324"}],"wp:attachment":[{"href":"https:\/\/monechelle.ma\/ar\/wp-json\/wp\/v2\/media?parent=6325"}],"wp:term":[{"taxonomy":"pwb-brand","embeddable":true,"href":"https:\/\/monechelle.ma\/ar\/wp-json\/wp\/v2\/pwb-brand?post=6325"},{"taxonomy":"product_brand","embeddable":true,"href":"https:\/\/monechelle.ma\/ar\/wp-json\/wp\/v2\/product_brand?post=6325"},{"taxonomy":"product_cat","embeddable":true,"href":"https:\/\/monechelle.ma\/ar\/wp-json\/wp\/v2\/product_cat?post=6325"},{"taxonomy":"product_tag","embeddable":true,"href":"https:\/\/monechelle.ma\/ar\/wp-json\/wp\/v2\/product_tag?post=6325"},{"taxonomy":"product_brands","embeddable":true,"href":"https:\/\/monechelle.ma\/ar\/wp-json\/wp\/v2\/product_brands?post=6325"}],"curies":[{"name":"wp","href":"https:\/\/api.w.org\/{rel}","templated":true}]}}