{"id":6343,"date":"2025-08-15T17:39:19","date_gmt":"2025-08-15T15:39:19","guid":{"rendered":"https:\/\/monechelle.ma\/?post_type=product&#038;p=6343"},"modified":"2026-04-06T17:08:12","modified_gmt":"2026-04-06T16:08:12","slug":"echafaudage-aluminium-olympo","status":"publish","type":"product","link":"https:\/\/monechelle.ma\/ar\/product\/echafaudage-aluminium-olympo\/","title":{"rendered":"\u0625\u064a\u0634\u0627\u0641\u0648\u0636\u0627\u062c \u0623\u0644\u0648\u0645\u0646\u064a\u0648\u0645 \u0623\u0648\u0644\u0627\u0645\u0628\u0648"},"content":{"rendered":"<p>\u0623\u0648\u0644\u064a\u0645\u0628\u0648 \u0639\u0628\u0627\u0631\u0629 \u0639\u0646 \u0633\u0642\u0627\u0644\u0629 \u0623\u0644\u0648\u0645\u0646\u064a\u0648\u0645 \u0645\u062a\u062d\u0631\u0643\u0629 \u0644\u0644\u0627\u0633\u062a\u062e\u062f\u0627\u0645 \u0627\u0644\u0645\u0647\u0646\u064a. \u064a\u062a\u0645 \u062a\u0635\u0646\u064a\u0639\u0647\u0627 \u0628\u0627\u0644\u0643\u0627\u0645\u0644 \u0641\u064a \u0625\u064a\u0637\u0627\u0644\u064a\u0627 \u0648\u064a\u0645\u0643\u0646 \u0623\u0646 \u064a\u0635\u0644 \u0623\u0642\u0635\u0649 \u0627\u0631\u062a\u0641\u0627\u0639 \u0644\u0644\u0639\u0645\u0644 \u0641\u064a\u0647\u0627 \u0625\u0644\u0649 11.2 \u0645\u062a\u0631.<\/p>\n<p>\u0648\u0647\u0648 \u0645\u062a\u0648\u0627\u0641\u0642 \u0645\u0639 \u0645\u0639\u064a\u0627\u0631 EN1004 \u0645\u0646 \u0627\u0644\u0641\u0626\u0629 3 \u0648\u064a\u062f\u0639\u0645 \u062d\u0645\u0648\u0644\u0629 \u0642\u0635\u0648\u0649 \u062a\u0628\u0644\u063a 200 \u0643\u062c\u0645.<\/p>\n<p>\u0628\u0641\u0636\u0644 \u0645\u0646\u0635\u062a\u0647\u0627 \u0627\u0644\u062a\u064a \u062a\u0628\u0644\u063a \u0623\u0628\u0639\u0627\u062f\u0647\u0627 0.75 \u00d7 1.80 \u0645\u062a\u0631\u060c \u0648\u062d\u0648\u0627\u062c\u0632 \u0627\u0644\u062d\u0645\u0627\u064a\u0629 \u0627\u0644\u0645\u062a\u0639\u062f\u062f\u0629\u060c \u0648\u0642\u0627\u0639\u062f\u062a\u0647\u0627 \u0627\u0644\u0645\u062a\u062d\u0631\u0643\u0629 \u0627\u0644\u0635\u0644\u0628\u0629\u060c \u0648\u0639\u062c\u0644\u0627\u062a\u0647\u0627 \u0627\u0644\u062a\u064a \u064a\u0628\u0644\u063a \u0642\u0637\u0631\u0647\u0627 15 \u0633\u0645\u060c \u0641\u0625\u0646 \u0623\u0648\u0644\u064a\u0645\u0628\u0648 \u0646\u0645\u0648\u0630\u062c \u0622\u0645\u0646 \u0648\u0642\u0648\u064a.<\/p>\n<p>\u064a\u0645\u0643\u0646 \u062a\u0631\u0643\u064a\u0628 \u0627\u0644\u0633\u0642\u0627\u0644\u0627\u062a \u0628\u0633\u0631\u0639\u0629 \u062f\u0648\u0646 \u0627\u0644\u062d\u0627\u062c\u0629 \u0625\u0644\u0649 \u0623\u062f\u0648\u0627\u062a.<\/p>\n<div class=\"certif\">\n<p><img decoding=\"async\" src=\"https:\/\/monechelle.ma\/wp-content\/uploads\/2025\/09\/logos-et-norme-marchetti_Plan-de-travail-1.webp\" alt=\"EN1004\" width=\"300\" height=\"100\" \/><\/p>\n<p><img decoding=\"async\" src=\"https:\/\/monechelle.ma\/wp-content\/uploads\/2025\/09\/logo-et-norme-en1004-02.webp\" alt=\"art140\" width=\"300\" height=\"100\" \/><\/p>\n<p><img decoding=\"async\" src=\"https:\/\/monechelle.ma\/wp-content\/uploads\/2025\/09\/logos-et-norme-marchetti-02.webp\" alt=\"ISO-EN-9001\" width=\"300\" height=\"100\" \/><\/p>\n<\/div>","protected":false},"excerpt":{"rendered":"<p>Olympo est un \u00e9chafaudage roulant en Aluminium pour usage professionnel. Il est fabriqu\u00e9 int\u00e9gralement en Italie, pouvant atteindre une hauteur de travail maximale de 11,2m. Il est norm\u00e9 EN1004 classe 3 et supporte une charge maximale de 200 KG. Sa plateforme de 0,75\u00d71,80m, ses multiples garde-corps, sa base mobile solide et ses roues de 15cm&#8230;<\/p>","protected":false},"featured_media":6375,"comment_status":"open","ping_status":"closed","template":"","meta":{"_acf_changed":false,"_bst_post_transparent":"default","_bst_post_title":"","_bst_post_layout":"default","_bst_post_sidebar_id":"","_bst_post_content_style":"default","_bst_post_vertical_padding":"default","_bst_post_feature":"","_bst_post_feature_position":"","_bst_post_header":false,"_bst_post_footer":false},"pwb-brand":[509],"product_brand":[],"product_cat":[89],"product_tag":[],"product_brands":[],"class_list":{"0":"post-6343","1":"product","2":"type-product","3":"status-publish","4":"has-post-thumbnail","6":"pwb-brand-marchetti","7":"product_cat-echafaudages-grandes-hauteurs","9":"first","10":"instock","11":"shipping-taxable","12":"product-type-variable","13":"entry","14":"content-bg","15":"loop-entry"},"acf":[],"brands":[{"id":509,"name":"marchetti","slug":"marchetti"}],"_links":{"self":[{"href":"https:\/\/monechelle.ma\/ar\/wp-json\/wp\/v2\/product\/6343","targetHints":{"allow":["GET"]}}],"collection":[{"href":"https:\/\/monechelle.ma\/ar\/wp-json\/wp\/v2\/product"}],"about":[{"href":"https:\/\/monechelle.ma\/ar\/wp-json\/wp\/v2\/types\/product"}],"replies":[{"embeddable":true,"href":"https:\/\/monechelle.ma\/ar\/wp-json\/wp\/v2\/comments?post=6343"}],"version-history":[{"count":14,"href":"https:\/\/monechelle.ma\/ar\/wp-json\/wp\/v2\/product\/6343\/revisions"}],"predecessor-version":[{"id":10432,"href":"https:\/\/monechelle.ma\/ar\/wp-json\/wp\/v2\/product\/6343\/revisions\/10432"}],"wp:featuredmedia":[{"embeddable":true,"href":"https:\/\/monechelle.ma\/ar\/wp-json\/wp\/v2\/media\/6375"}],"wp:attachment":[{"href":"https:\/\/monechelle.ma\/ar\/wp-json\/wp\/v2\/media?parent=6343"}],"wp:term":[{"taxonomy":"pwb-brand","embeddable":true,"href":"https:\/\/monechelle.ma\/ar\/wp-json\/wp\/v2\/pwb-brand?post=6343"},{"taxonomy":"product_brand","embeddable":true,"href":"https:\/\/monechelle.ma\/ar\/wp-json\/wp\/v2\/product_brand?post=6343"},{"taxonomy":"product_cat","embeddable":true,"href":"https:\/\/monechelle.ma\/ar\/wp-json\/wp\/v2\/product_cat?post=6343"},{"taxonomy":"product_tag","embeddable":true,"href":"https:\/\/monechelle.ma\/ar\/wp-json\/wp\/v2\/product_tag?post=6343"},{"taxonomy":"product_brands","embeddable":true,"href":"https:\/\/monechelle.ma\/ar\/wp-json\/wp\/v2\/product_brands?post=6343"}],"curies":[{"name":"wp","href":"https:\/\/api.w.org\/{rel}","templated":true}]}}