{"id":6389,"date":"2025-08-19T13:14:11","date_gmt":"2025-08-19T11:14:11","guid":{"rendered":"https:\/\/monechelle.ma\/?post_type=product&#038;p=6389"},"modified":"2026-04-06T17:09:06","modified_gmt":"2026-04-06T16:09:06","slug":"echafaudage-aluminium-alutower-si-plateforme-087x180m","status":"publish","type":"product","link":"https:\/\/monechelle.ma\/ar\/product\/echafaudage-aluminium-alutower-si-plateforme-087x180m\/","title":{"rendered":"\u0625\u064a\u0634\u0627\u0641\u0648\u0636\u0627\u062c \u0623\u0644\u0648\u0645\u0646\u064a\u0648\u0645 \u0623\u0644\u0648\u062a\u0627\u0648\u064a\u0631\u060c \u0628\u0644\u0627\u0637\u0641\u0648\u0631\u0645 0.87\u00d71.80 \u0645\u062a\u0631"},"content":{"rendered":"<p>Alutower \u0639\u0628\u0627\u0631\u0629 \u0639\u0646 \u0633\u0642\u0627\u0644\u0629 \u0623\u0644\u0648\u0645\u0646\u064a\u0648\u0645 \u0645\u062a\u062d\u0631\u0643\u0629 \u0644\u0644\u0627\u0633\u062a\u062e\u062f\u0627\u0645 \u0627\u0644\u0645\u0647\u0646\u064a. \u064a\u062a\u0645 \u062a\u0635\u0646\u064a\u0639\u0647\u0627 \u0628\u0627\u0644\u0643\u0627\u0645\u0644 \u0641\u064a \u0625\u064a\u0637\u0627\u0644\u064a\u0627 \u0648\u064a\u0645\u0643\u0646 \u0623\u0646 \u064a\u0635\u0644 \u0627\u0631\u062a\u0641\u0627\u0639 \u0627\u0644\u0639\u0645\u0644 \u0627\u0644\u0623\u0642\u0635\u0649 \u0641\u064a\u0647\u0627 \u0625\u0644\u0649 18.1 \u0645\u062a\u0631.<\/p>\n<p>\u064a\u062d\u062a\u0648\u064a \u0628\u0631\u062c \u0623\u0644\u0648\u062a\u0627\u0648\u0631 \u0639\u0644\u0649 4 \u0623\u0628\u0639\u0627\u062f \u0644\u0644\u0645\u0646\u0635\u0629: 1.40\u00d72.40 \u0645\u062a\u0631\u060c 1.40\u00d71.80 \u0645\u062a\u0631\u060c 0.87\u00d71.80 \u0645\u062a\u0631 \u06480.87\u00d72.40 \u0645\u062a\u0631 \u0645\u0645\u0627 \u064a\u0633\u0645\u062d \u0644\u0647 \u0628\u062f\u0639\u0645 \u062d\u0645\u0648\u0644\u0629 \u0642\u0635\u0648\u0649 \u062a\u0628\u0644\u063a 501 \u0643\u062c\u0645.<\/p>\n<p>\u064a\u062a\u0648\u0627\u0641\u0642 \u0645\u0639 \u0645\u0639\u064a\u0627\u0631 EN1004 \u0627\u0644\u0641\u0626\u0629 3.<\/p>\n<p>\u064a\u0645\u0643\u0646 \u0644\u0628\u0631\u062c \u0623\u0644\u0648\u062a\u0627\u0648\u0631 \u0627\u0644\u0648\u0635\u0648\u0644 \u0625\u0644\u0649 \u0627\u0631\u062a\u0641\u0627\u0639 \u0639\u0645\u0644 \u064a\u0628\u0644\u063a 13.6 \u0645\u062a\u0631\u064b\u0627 \u062f\u0648\u0646 \u0627\u0644\u062d\u0627\u062c\u0629 \u0625\u0644\u0649 \u062a\u062b\u0628\u064a\u062a\u0647 \u0639\u0644\u0649 \u0627\u0644\u062d\u0627\u0626\u0637. \u062a\u062d\u062a\u0648\u064a \u0627\u0644\u0642\u0627\u0639\u062f\u0629 \u0627\u0644\u0645\u062a\u062d\u0631\u0643\u0629 \u0639\u0644\u0649 \u0639\u062c\u0644\u0627\u062a \u062a\u0644\u0633\u0643\u0648\u0628\u064a\u0629 \u0642\u0627\u0628\u0644\u0629 \u0644\u0644\u062a\u0645\u062f\u064a\u062f \u0628\u0645\u0642\u062f\u0627\u0631 25 \u0633\u0645.<\/p>\n<p>\u064a\u0645\u0643\u0646 \u062a\u0631\u0643\u064a\u0628 \u0627\u0644\u0633\u0642\u0627\u0644\u0627\u062a \u0628\u0633\u0631\u0639\u0629 \u062f\u0648\u0646 \u0627\u0644\u062d\u0627\u062c\u0629 \u0625\u0644\u0649 \u0623\u062f\u0648\u0627\u062a.<\/p>\n<div class=\"certif\">\n<p><img decoding=\"async\" src=\"https:\/\/monechelle.ma\/wp-content\/uploads\/2025\/09\/logos-et-norme-marchetti_Plan-de-travail-1.webp\" alt=\"EN1004\" width=\"300\" height=\"100\" \/><\/p>\n<p><img decoding=\"async\" src=\"https:\/\/monechelle.ma\/wp-content\/uploads\/2025\/09\/logo-et-norme-en1004-02.webp\" alt=\"art140\" width=\"300\" height=\"100\" \/><\/p>\n<p><img decoding=\"async\" src=\"https:\/\/monechelle.ma\/wp-content\/uploads\/2025\/09\/logos-et-norme-marchetti-02.webp\" alt=\"ISO-EN-9001\" width=\"300\" height=\"100\" \/><\/p>\n<\/div>","protected":false},"excerpt":{"rendered":"<p>Alutower est un \u00e9chafaudage roulant en Aluminium pour usage professionnel. Il est fabriqu\u00e9 int\u00e9gralement en Italie, pouvant atteindre une hauteur de travail maximale de 18,1m. Alutower poss\u00e8de 4 dimensions de plateforme : 1,40\u00d72,40m, 1,40\u00d71,80m, 0,87\u00d71,80m et 0,87\u00d72,40m permettant de supporter une charge maximale de 501kg. Il est norm\u00e9 EN1004 classe 3. Alutower peut atteindre une&#8230;<\/p>","protected":false},"featured_media":6516,"comment_status":"open","ping_status":"closed","template":"","meta":{"_acf_changed":false,"_bst_post_transparent":"default","_bst_post_title":"","_bst_post_layout":"default","_bst_post_sidebar_id":"","_bst_post_content_style":"default","_bst_post_vertical_padding":"default","_bst_post_feature":"","_bst_post_feature_position":"","_bst_post_header":false,"_bst_post_footer":false},"pwb-brand":[509],"product_brand":[],"product_cat":[89],"product_tag":[],"product_brands":[],"class_list":{"0":"post-6389","1":"product","2":"type-product","3":"status-publish","4":"has-post-thumbnail","6":"pwb-brand-marchetti","7":"product_cat-echafaudages-grandes-hauteurs","9":"first","10":"instock","11":"shipping-taxable","12":"product-type-variable","13":"entry","14":"content-bg","15":"loop-entry"},"acf":[],"brands":[{"id":509,"name":"marchetti","slug":"marchetti"}],"_links":{"self":[{"href":"https:\/\/monechelle.ma\/ar\/wp-json\/wp\/v2\/product\/6389","targetHints":{"allow":["GET"]}}],"collection":[{"href":"https:\/\/monechelle.ma\/ar\/wp-json\/wp\/v2\/product"}],"about":[{"href":"https:\/\/monechelle.ma\/ar\/wp-json\/wp\/v2\/types\/product"}],"replies":[{"embeddable":true,"href":"https:\/\/monechelle.ma\/ar\/wp-json\/wp\/v2\/comments?post=6389"}],"version-history":[{"count":17,"href":"https:\/\/monechelle.ma\/ar\/wp-json\/wp\/v2\/product\/6389\/revisions"}],"predecessor-version":[{"id":10438,"href":"https:\/\/monechelle.ma\/ar\/wp-json\/wp\/v2\/product\/6389\/revisions\/10438"}],"wp:featuredmedia":[{"embeddable":true,"href":"https:\/\/monechelle.ma\/ar\/wp-json\/wp\/v2\/media\/6516"}],"wp:attachment":[{"href":"https:\/\/monechelle.ma\/ar\/wp-json\/wp\/v2\/media?parent=6389"}],"wp:term":[{"taxonomy":"pwb-brand","embeddable":true,"href":"https:\/\/monechelle.ma\/ar\/wp-json\/wp\/v2\/pwb-brand?post=6389"},{"taxonomy":"product_brand","embeddable":true,"href":"https:\/\/monechelle.ma\/ar\/wp-json\/wp\/v2\/product_brand?post=6389"},{"taxonomy":"product_cat","embeddable":true,"href":"https:\/\/monechelle.ma\/ar\/wp-json\/wp\/v2\/product_cat?post=6389"},{"taxonomy":"product_tag","embeddable":true,"href":"https:\/\/monechelle.ma\/ar\/wp-json\/wp\/v2\/product_tag?post=6389"},{"taxonomy":"product_brands","embeddable":true,"href":"https:\/\/monechelle.ma\/ar\/wp-json\/wp\/v2\/product_brands?post=6389"}],"curies":[{"name":"wp","href":"https:\/\/api.w.org\/{rel}","templated":true}]}}