{"id":6577,"date":"2025-09-09T17:41:32","date_gmt":"2025-09-09T15:41:32","guid":{"rendered":"https:\/\/monechelle.ma\/?post_type=product&#038;p=6577"},"modified":"2026-04-06T17:18:09","modified_gmt":"2026-04-06T16:18:09","slug":"echafaudage-aluminium-alutower-ra","status":"publish","type":"product","link":"https:\/\/monechelle.ma\/ar\/product\/echafaudage-aluminium-alutower-ra\/","title":{"rendered":"\u0625\u064a\u0634\u0627\u0641\u0648\u0636\u0627\u062c \u0623\u0644\u0648\u0645\u0646\u064a\u0648\u0645 \u0645\u0646 \u0646\u0648\u0639 \u0623\u0644\u0648\u062a\u0627\u0648\u064a\u0631 \u0631\u0627"},"content":{"rendered":"<p>Alutower RA \u0647\u0648 \u062a\u0643\u0648\u064a\u0646 \u0645\u062a\u0642\u062f\u0645 \u0644\u0640 Alutower SI 1.40\u00d72.40m \u0645\u0639 \u0625\u0645\u0643\u0627\u0646\u064a\u0629 \u0627\u0644\u0648\u0635\u0648\u0644 \u0625\u0644\u0649 \u0645\u0646\u0635\u0629 \u0627\u0644\u0639\u0645\u0644 \u0628\u0648\u0627\u0633\u0637\u0629 \u0633\u0644\u0627\u0644\u0645 \u062f\u0627\u062e\u0644\u064a\u0629 \u0645\u062a\u0642\u0627\u0637\u0639\u0629.<\/p>\n<p>\u062a\u062a\u064a\u062d \u0645\u0646\u0635\u0629 Alutower RA \u0644\u0644\u0645\u0634\u063a\u0644\u064a\u0646 \u0627\u0644\u0648\u0635\u0648\u0644 \u0627\u0644\u0633\u0631\u064a\u0639 \u0648\u0627\u0644\u0622\u0645\u0646 \u0625\u0644\u0649 \u0627\u0644\u0645\u0646\u0635\u0629\u060c \u0648\u0633\u0647\u0648\u0644\u0629 \u0646\u0642\u0644 \u0627\u0644\u0623\u0634\u064a\u0627\u0621 \u0627\u0644\u062b\u0642\u064a\u0644\u0629.<\/p>\n<p>\u064a\u0628\u0644\u063a \u0642\u064a\u0627\u0633 \u0645\u0646\u0635\u0629 \u0627\u0644\u0639\u0645\u0644 1.4 \u00d7 2.4 \u0645\u062a\u0631 \u0648\u064a\u0645\u0643\u0646\u0647\u0627 \u062a\u062d\u0645\u0644 \u062d\u0645\u0648\u0644\u0629 \u0642\u0635\u0648\u0649 \u062a\u0628\u0644\u063a 501 \u0643\u062c\u0645.<\/p>\n<div class=\"certif\"><img decoding=\"async\" src=\"https:\/\/monechelle.ma\/wp-content\/uploads\/2025\/09\/logos-et-norme-marchetti_Plan-de-travail-1.webp\" alt=\"EN1004\" width=\"300\" height=\"100\" \/><br \/>\n<img decoding=\"async\" src=\"https:\/\/monechelle.ma\/wp-content\/uploads\/2025\/09\/logo-et-norme-en1004-02.webp\" alt=\"art140\" width=\"300\" height=\"100\" \/><br \/>\n<img decoding=\"async\" src=\"https:\/\/monechelle.ma\/wp-content\/uploads\/2025\/09\/logos-et-norme-marchetti-02.webp\" alt=\"ISO-EN-9001\" width=\"300\" height=\"100\" \/><\/div>","protected":false},"excerpt":{"rendered":"<p>Alutower RA est une configuration avanc\u00e9e du Alutower SI 1,40&#215;2,40m avec acc\u00e8s \u00e0 la plateforme de travail avec \u00e9chelles internes en crois\u00e9. Alutower RA permet aux op\u00e9rateurs un acc\u00e8s rapide et s\u00e9curis\u00e9 \u00e0 la plateforme, et le transport facile d&rsquo;objets lourd. La dimension de la plateforme de travail est de 1,4&#215;2,4m permettant de supporter une&#8230;<\/p>","protected":false},"featured_media":6664,"comment_status":"open","ping_status":"closed","template":"","meta":{"_acf_changed":false,"_bst_post_transparent":"default","_bst_post_title":"","_bst_post_layout":"default","_bst_post_sidebar_id":"","_bst_post_content_style":"default","_bst_post_vertical_padding":"default","_bst_post_feature":"","_bst_post_feature_position":"","_bst_post_header":false,"_bst_post_footer":false},"pwb-brand":[509],"product_brand":[],"product_cat":[89],"product_tag":[],"product_brands":[],"class_list":{"0":"post-6577","1":"product","2":"type-product","3":"status-publish","4":"has-post-thumbnail","6":"pwb-brand-marchetti","7":"product_cat-echafaudages-grandes-hauteurs","9":"first","10":"instock","11":"shipping-taxable","12":"product-type-variable","13":"entry","14":"content-bg","15":"loop-entry"},"acf":[],"brands":[{"id":509,"name":"marchetti","slug":"marchetti"}],"_links":{"self":[{"href":"https:\/\/monechelle.ma\/ar\/wp-json\/wp\/v2\/product\/6577","targetHints":{"allow":["GET"]}}],"collection":[{"href":"https:\/\/monechelle.ma\/ar\/wp-json\/wp\/v2\/product"}],"about":[{"href":"https:\/\/monechelle.ma\/ar\/wp-json\/wp\/v2\/types\/product"}],"replies":[{"embeddable":true,"href":"https:\/\/monechelle.ma\/ar\/wp-json\/wp\/v2\/comments?post=6577"}],"version-history":[{"count":10,"href":"https:\/\/monechelle.ma\/ar\/wp-json\/wp\/v2\/product\/6577\/revisions"}],"predecessor-version":[{"id":12690,"href":"https:\/\/monechelle.ma\/ar\/wp-json\/wp\/v2\/product\/6577\/revisions\/12690"}],"wp:featuredmedia":[{"embeddable":true,"href":"https:\/\/monechelle.ma\/ar\/wp-json\/wp\/v2\/media\/6664"}],"wp:attachment":[{"href":"https:\/\/monechelle.ma\/ar\/wp-json\/wp\/v2\/media?parent=6577"}],"wp:term":[{"taxonomy":"pwb-brand","embeddable":true,"href":"https:\/\/monechelle.ma\/ar\/wp-json\/wp\/v2\/pwb-brand?post=6577"},{"taxonomy":"product_brand","embeddable":true,"href":"https:\/\/monechelle.ma\/ar\/wp-json\/wp\/v2\/product_brand?post=6577"},{"taxonomy":"product_cat","embeddable":true,"href":"https:\/\/monechelle.ma\/ar\/wp-json\/wp\/v2\/product_cat?post=6577"},{"taxonomy":"product_tag","embeddable":true,"href":"https:\/\/monechelle.ma\/ar\/wp-json\/wp\/v2\/product_tag?post=6577"},{"taxonomy":"product_brands","embeddable":true,"href":"https:\/\/monechelle.ma\/ar\/wp-json\/wp\/v2\/product_brands?post=6577"}],"curies":[{"name":"wp","href":"https:\/\/api.w.org\/{rel}","templated":true}]}}