{"id":6643,"date":"2025-09-10T17:24:23","date_gmt":"2025-09-10T15:24:23","guid":{"rendered":"https:\/\/monechelle.ma\/?post_type=product&#038;p=6643"},"modified":"2026-04-06T16:41:28","modified_gmt":"2026-04-06T15:41:28","slug":"echelle-plateforme-aluminium-fortezza","status":"publish","type":"product","link":"https:\/\/monechelle.ma\/ar\/product\/echelle-plateforme-aluminium-fortezza\/","title":{"rendered":"\u0633\u0644\u0645 \u0645\u0646\u0635\u0629 \u0641\u0648\u0631\u062a\u064a\u0632\u0627 \u0645\u0646 \u0627\u0644\u0623\u0644\u0648\u0645\u0646\u064a\u0648\u0645"},"content":{"rendered":"<p>\u0633\u0644\u0645 \u0641\u0648\u0631\u062a\u064a\u0632\u0627 \u0647\u0648 \u0633\u0644\u0645 \u0627\u062d\u062a\u0631\u0627\u0641\u064a\u060c \u0645\u0639\u064a\u0627\u0631\u064a\u060c \u0648\u0642\u0627\u0628\u0644 \u0644\u0644\u0637\u064a\u060c \u0645\u0632\u0648\u062f \u0628\u0645\u0646\u0635\u0629 \u0639\u0645\u0644 \u0648\u0627\u0633\u0639\u0629 \u0628\u0642\u064a\u0627\u0633 760 \u00d7 440 \u0645\u0645. \u064a\u0636\u0645\u0646 \u062d\u0627\u062c\u0632 \u0627\u0644\u0623\u0645\u0627\u0646 \u0628\u0632\u0627\u0648\u064a\u0629 360 \u062f\u0631\u062c\u0629\u060c \u0648\u0623\u0644\u0648\u0627\u062d \u062d\u0645\u0627\u064a\u0629 \u0627\u0644\u0642\u062f\u0645 \u0628\u0627\u0631\u062a\u0641\u0627\u0639 150 \u0645\u0645\u060c \u0648\u062f\u0631\u062c\u0627\u062a \u0628\u0627\u0631\u062a\u0641\u0627\u0639 165 \u0645\u0645\u060c \u0638\u0631\u0648\u0641 \u0639\u0645\u0644 \u0622\u0645\u0646\u0629. \u062a\u0633\u0645\u062d \u0623\u0628\u0639\u0627\u062f \u0627\u0644\u062f\u0631\u062c\u0627\u062a \u0648\u0627\u0644\u0645\u0646\u0635\u0629 \u0644\u0644\u0645\u0633\u062a\u062e\u062f\u0645 \u0628\u0627\u0644\u0639\u0645\u0644 \u0628\u0631\u0627\u062d\u0629 \u062a\u0627\u0645\u0629 \u0639\u0644\u0649 \u0643\u0644 \u062f\u0631\u062c\u0629. \u064a\u062a\u0645\u064a\u0632 \u0627\u0644\u0633\u0644\u0645 \u0628\u0633\u0647\u0648\u0644\u0629 \u0627\u0644\u0627\u0633\u062a\u062e\u062f\u0627\u0645 \u0648\u0627\u0644\u0645\u0646\u0627\u0648\u0631\u0629\u060c \u0648\u064a\u062d\u062a\u0648\u064a \u0639\u0644\u0649 \u0639\u062c\u0644\u0627\u062a \u0628\u0642\u0637\u0631 175 \u0645\u0645\u060c \u0648\u0645\u0642\u0627\u0628\u0636 \u062c\u0627\u0646\u0628\u064a\u0629\u060c \u0648\u062d\u0627\u0645\u0644 \u0623\u062f\u0648\u0627\u062a \u0639\u0631\u064a\u0636 \u0648\u0635\u0644\u0628 \u0628\u0642\u064a\u0627\u0633 500 \u00d7 150 \u0645\u0645. \u0645\u0646 \u0623\u0628\u0631\u0632 \u0645\u064a\u0632\u0627\u062a FORTEZZA \u0642\u0633\u0645\u0647 \u0627\u0644\u062f\u0627\u062e\u0644\u064a \u0627\u0644\u0645\u0627\u0626\u0644 \u0628\u0632\u0627\u0648\u064a\u0629 90 \u062f\u0631\u062c\u0629\u060c \u0645\u0645\u0627 \u064a\u062a\u064a\u062d \u0627\u0644\u0639\u0645\u0644 \u0628\u0627\u0644\u0642\u0631\u0628 \u0645\u0646 \u0627\u0644\u062c\u062f\u0631\u0627\u0646. \u064a\u062a\u0648\u0641\u0631 FORTEZZA \u0628\u0639\u062f\u062f \u062f\u0631\u062c\u0627\u062a \u064a\u062a\u0631\u0627\u0648\u062d \u0645\u0646 3 \u0625\u0644\u0649 13 \u062f\u0631\u062c\u0629\u060c \u0648\u064a\u062a\u0648\u0627\u0641\u0642 \u0645\u0639 \u0645\u0639\u0627\u064a\u064a\u0631 EN131-7. \u064a\u0623\u062a\u064a \u0627\u0644\u0633\u0644\u0645 \u0645\u0639 \u062f\u0644\u064a\u0644 \u062a\u0639\u0644\u064a\u0645\u0627\u062a \u0644\u0644\u0627\u0633\u062a\u062e\u062f\u0627\u0645 \u0648\u0627\u0644\u0635\u064a\u0627\u0646\u0629 \u0648\u0627\u0644\u062a\u0631\u0643\u064a\u0628.<\/p>\n<div class=\"certif\"><img decoding=\"async\" src=\"https:\/\/monechelle.ma\/wp-content\/uploads\/2025\/09\/en131-7.webp\" alt=\"en131-7\" \/><br \/>\n<img decoding=\"async\" src=\"https:\/\/monechelle.ma\/wp-content\/uploads\/2025\/09\/art113.webp\" alt=\"art113\" \/><br \/>\n<img decoding=\"async\" src=\"https:\/\/monechelle.ma\/wp-content\/uploads\/2025\/09\/logos-et-norme-marchetti-02.webp\" alt=\"iso-en-9001\" \/><\/div>","protected":false},"excerpt":{"rendered":"<p>FORTEZZA est une \u00e9chelle professionnelle, norm\u00e9e et pliable avec une grande plateforme de travail 760&#215;440 mm. Elle permet de travailler en toute s\u00e9curit\u00e9 avec son garde-corps \u00e0 360\u00b0, plinthes de 150 mm et ses marches de 165 mm. La dimension de ses marches et plateforme permettent \u00e0 l&rsquo;utilisateur de travailler confortablement au niveau de charque&#8230;<\/p>","protected":false},"featured_media":6773,"comment_status":"open","ping_status":"closed","template":"","meta":{"_acf_changed":false,"_bst_post_transparent":"default","_bst_post_title":"","_bst_post_layout":"default","_bst_post_sidebar_id":"","_bst_post_content_style":"default","_bst_post_vertical_padding":"default","_bst_post_feature":"","_bst_post_feature_position":"","_bst_post_header":false,"_bst_post_footer":false},"pwb-brand":[509],"product_brand":[],"product_cat":[566],"product_tag":[],"product_brands":[],"class_list":{"0":"post-6643","1":"product","2":"type-product","3":"status-publish","4":"has-post-thumbnail","6":"pwb-brand-marchetti","7":"product_cat-plateformes-pirl","9":"first","10":"instock","11":"shipping-taxable","12":"product-type-variable","13":"entry","14":"content-bg","15":"loop-entry"},"acf":[],"brands":[{"id":509,"name":"marchetti","slug":"marchetti"}],"_links":{"self":[{"href":"https:\/\/monechelle.ma\/ar\/wp-json\/wp\/v2\/product\/6643","targetHints":{"allow":["GET"]}}],"collection":[{"href":"https:\/\/monechelle.ma\/ar\/wp-json\/wp\/v2\/product"}],"about":[{"href":"https:\/\/monechelle.ma\/ar\/wp-json\/wp\/v2\/types\/product"}],"replies":[{"embeddable":true,"href":"https:\/\/monechelle.ma\/ar\/wp-json\/wp\/v2\/comments?post=6643"}],"version-history":[{"count":10,"href":"https:\/\/monechelle.ma\/ar\/wp-json\/wp\/v2\/product\/6643\/revisions"}],"predecessor-version":[{"id":11212,"href":"https:\/\/monechelle.ma\/ar\/wp-json\/wp\/v2\/product\/6643\/revisions\/11212"}],"wp:featuredmedia":[{"embeddable":true,"href":"https:\/\/monechelle.ma\/ar\/wp-json\/wp\/v2\/media\/6773"}],"wp:attachment":[{"href":"https:\/\/monechelle.ma\/ar\/wp-json\/wp\/v2\/media?parent=6643"}],"wp:term":[{"taxonomy":"pwb-brand","embeddable":true,"href":"https:\/\/monechelle.ma\/ar\/wp-json\/wp\/v2\/pwb-brand?post=6643"},{"taxonomy":"product_brand","embeddable":true,"href":"https:\/\/monechelle.ma\/ar\/wp-json\/wp\/v2\/product_brand?post=6643"},{"taxonomy":"product_cat","embeddable":true,"href":"https:\/\/monechelle.ma\/ar\/wp-json\/wp\/v2\/product_cat?post=6643"},{"taxonomy":"product_tag","embeddable":true,"href":"https:\/\/monechelle.ma\/ar\/wp-json\/wp\/v2\/product_tag?post=6643"},{"taxonomy":"product_brands","embeddable":true,"href":"https:\/\/monechelle.ma\/ar\/wp-json\/wp\/v2\/product_brands?post=6643"}],"curies":[{"name":"wp","href":"https:\/\/api.w.org\/{rel}","templated":true}]}}