{"id":6694,"date":"2025-09-11T13:11:22","date_gmt":"2025-09-11T11:11:22","guid":{"rendered":"https:\/\/monechelle.ma\/?post_type=product&#038;p=6694"},"modified":"2026-04-06T16:39:25","modified_gmt":"2026-04-06T15:39:25","slug":"echelle-plateforme-aluminium-casfor","status":"publish","type":"product","link":"https:\/\/monechelle.ma\/ar\/product\/echelle-plateforme-aluminium-casfor\/","title":{"rendered":"\u0633\u0644\u0645 \u0645\u0646\u0635\u0629 \u0643\u0627\u0633\u0641\u0648\u0631 \u0645\u0646 \u0627\u0644\u0623\u0644\u0648\u0645\u0646\u064a\u0648\u0645"},"content":{"rendered":"<p>\u0643\u0627\u0633\u0641\u0648\u0631 \u0639\u0628\u0627\u0631\u0629 \u0639\u0646 \u0633\u0644\u0645 \u0627\u062d\u062a\u0631\u0627\u0641\u064a\u060c \u0645\u0639\u064a\u0627\u0631\u064a \u0648\u0642\u0627\u0628\u0644 \u0644\u0644\u0637\u064a \u0645\u0632\u0648\u062f \u0628\u0645\u0646\u0635\u0629 \u0639\u0645\u0644 470\u00d7370 \u0645\u0645.<\/p>\n<p>\u064a\u062a\u064a\u062d \u0644\u0643 \u0627\u0644\u0639\u0645\u0644 \u0628\u0623\u0645\u0627\u0646 \u0628\u0641\u0636\u0644 \u062d\u0627\u062c\u0632 \u0627\u0644\u062d\u0645\u0627\u064a\u0629 \u0628\u0632\u0627\u0648\u064a\u0629 360 \u062f\u0631\u062c\u0629\u060c \u0648\u0623\u0644\u0648\u0627\u062d \u0627\u0644\u0642\u0627\u0639\u062f\u0629 \u0627\u0644\u062a\u064a \u064a\u0628\u0644\u063a \u0627\u0631\u062a\u0641\u0627\u0639\u0647\u0627 150 \u0645\u0645\u060c \u0648\u0627\u0644\u062f\u0631\u062c\u0627\u062a \u0627\u0644\u062a\u064a \u064a\u0628\u0644\u063a \u0627\u0631\u062a\u0641\u0627\u0639\u0647\u0627 80 \u0645\u0645.<\/p>\n<p>\u0639\u0645\u0644\u064a\u0629 \u0648\u0633\u0647\u0644\u0629 \u0627\u0644\u0627\u0633\u062a\u062e\u062f\u0627\u0645\u060c \u0641\u0647\u064a \u0645\u0632\u0648\u062f\u0629 \u0628\u0639\u062c\u0644\u0627\u062a \u0645\u0642\u0627\u0633 175 \u0645\u0645 \u0648\u0645\u0642\u0627\u0628\u0636 \u062c\u0627\u0646\u0628\u064a\u0629 \u0648\u062d\u0627\u0645\u0644 \u0623\u062f\u0648\u0627\u062a \u0639\u0631\u064a\u0636 \u0648\u0635\u0644\u0628 \u0645\u0642\u0627\u0633 500 \u00d7 150 \u0645\u0645.<\/p>\n<p>\u064a\u062a\u0648\u0641\u0631\u0633\u0644\u0645 \u0643\u0627\u0633\u0641\u0648\u0631 \u0628\u062b\u0644\u0627\u062b \u0625\u0644\u0649 \u062a\u0633\u0639 \u062e\u0637\u0648\u0627\u062a\u060c \u0648\u0647\u0648 \u0645\u062a\u0648\u0627\u0641\u0642 \u0645\u0639 \u0645\u0639\u064a\u0627\u0631 EN131-7. \u0648\u064a\u0623\u062a\u064a \u0645\u0632\u0648\u062f\u0627\u064b \u0628\u0643\u062a\u064a\u0628 \u0627\u0644\u062a\u062c\u0645\u064a\u0639 \u0627\u0644\u062e\u0627\u0635 \u0628\u0647.<\/p>\n<p>\u0627\u0644\u0627\u0633\u062a\u062e\u062f\u0627\u0645 \u0648\u0627\u0644\u0635\u064a\u0627\u0646\u0629.<\/p>\n<div class=\"certif\"><img decoding=\"async\" src=\"https:\/\/monechelle.ma\/wp-content\/uploads\/2025\/09\/en131-7.webp\" alt=\"en131-7\" \/><br \/>\n<img decoding=\"async\" src=\"https:\/\/monechelle.ma\/wp-content\/uploads\/2025\/09\/art113.webp\" alt=\"art113\" \/><br \/>\n<img decoding=\"async\" src=\"https:\/\/monechelle.ma\/wp-content\/uploads\/2025\/09\/logos-et-norme-marchetti-02.webp\" alt=\"iso-en-9001\" \/><\/div>","protected":false},"excerpt":{"rendered":"<p>CASFOR est une \u00e9chelle professionnelle, norm\u00e9e et pliable avec une plateforme de travail 470&#215;370 mm. Elle permet de travailler en toute s\u00e9curit\u00e9 avec son garde-corps \u00e0 360\u00b0, plinthes de 150 mm et ses marches de 80 mm. Pratique et maniable, elle dispose de roues de 175 mm, poign\u00e9es lat\u00e9rales et un large et rigide porte-outil&#8230;<\/p>","protected":false},"featured_media":6730,"comment_status":"open","ping_status":"closed","template":"","meta":{"_acf_changed":false,"_bst_post_transparent":"default","_bst_post_title":"","_bst_post_layout":"default","_bst_post_sidebar_id":"","_bst_post_content_style":"default","_bst_post_vertical_padding":"default","_bst_post_feature":"","_bst_post_feature_position":"","_bst_post_header":false,"_bst_post_footer":false},"pwb-brand":[509],"product_brand":[],"product_cat":[566],"product_tag":[],"product_brands":[],"class_list":{"0":"post-6694","1":"product","2":"type-product","3":"status-publish","4":"has-post-thumbnail","6":"pwb-brand-marchetti","7":"product_cat-plateformes-pirl","9":"first","10":"instock","11":"shipping-taxable","12":"product-type-variable","13":"entry","14":"content-bg","15":"loop-entry"},"acf":[],"brands":[{"id":509,"name":"marchetti","slug":"marchetti"}],"_links":{"self":[{"href":"https:\/\/monechelle.ma\/ar\/wp-json\/wp\/v2\/product\/6694","targetHints":{"allow":["GET"]}}],"collection":[{"href":"https:\/\/monechelle.ma\/ar\/wp-json\/wp\/v2\/product"}],"about":[{"href":"https:\/\/monechelle.ma\/ar\/wp-json\/wp\/v2\/types\/product"}],"replies":[{"embeddable":true,"href":"https:\/\/monechelle.ma\/ar\/wp-json\/wp\/v2\/comments?post=6694"}],"version-history":[{"count":9,"href":"https:\/\/monechelle.ma\/ar\/wp-json\/wp\/v2\/product\/6694\/revisions"}],"predecessor-version":[{"id":12682,"href":"https:\/\/monechelle.ma\/ar\/wp-json\/wp\/v2\/product\/6694\/revisions\/12682"}],"wp:featuredmedia":[{"embeddable":true,"href":"https:\/\/monechelle.ma\/ar\/wp-json\/wp\/v2\/media\/6730"}],"wp:attachment":[{"href":"https:\/\/monechelle.ma\/ar\/wp-json\/wp\/v2\/media?parent=6694"}],"wp:term":[{"taxonomy":"pwb-brand","embeddable":true,"href":"https:\/\/monechelle.ma\/ar\/wp-json\/wp\/v2\/pwb-brand?post=6694"},{"taxonomy":"product_brand","embeddable":true,"href":"https:\/\/monechelle.ma\/ar\/wp-json\/wp\/v2\/product_brand?post=6694"},{"taxonomy":"product_cat","embeddable":true,"href":"https:\/\/monechelle.ma\/ar\/wp-json\/wp\/v2\/product_cat?post=6694"},{"taxonomy":"product_tag","embeddable":true,"href":"https:\/\/monechelle.ma\/ar\/wp-json\/wp\/v2\/product_tag?post=6694"},{"taxonomy":"product_brands","embeddable":true,"href":"https:\/\/monechelle.ma\/ar\/wp-json\/wp\/v2\/product_brands?post=6694"}],"curies":[{"name":"wp","href":"https:\/\/api.w.org\/{rel}","templated":true}]}}