{"id":6759,"date":"2025-09-12T13:05:18","date_gmt":"2025-09-12T11:05:18","guid":{"rendered":"https:\/\/monechelle.ma\/?post_type=product&#038;p=6759"},"modified":"2026-04-06T16:48:00","modified_gmt":"2026-04-06T15:48:00","slug":"echelle-telescopique-plateforme-aluminium-pls","status":"publish","type":"product","link":"https:\/\/monechelle.ma\/ar\/product\/echelle-telescopique-plateforme-aluminium-pls\/","title":{"rendered":"\u0633\u0644\u0645 \u062a\u0644\u0633\u0643\u0648\u0628\u064a \u0628\u0644\u0627\u0637\u0641\u0648\u0631\u0645 \u0645\u0646 \u0627\u0644\u0623\u0644\u0648\u0645\u0646\u064a\u0648\u0645 PLS"},"content":{"rendered":"<p>\u0633\u0644\u0645 PLS \u0647\u0648 \u0633\u0644\u0645 \u062a\u0644\u0633\u0643\u0648\u0628\u064a \u0645\u0646 \u0646\u0648\u0639 PIRL \u0645\u0632\u0648\u062f \u0628\u0645\u0646\u0635\u0629 \u0645\u0635\u0646\u0648\u0639\u0629 \u0645\u0646 \u0627\u0644\u0623\u0644\u0648\u0645\u0646\u064a\u0648\u0645 \u0627\u0644\u0645\u0639\u062a\u0645\u062f\u060c \u0648\u0641\u0642\u064b\u0627 \u0644\u0645\u0639\u0627\u064a\u064a\u0631 EN131-7. \u064a\u064f\u0635\u0646\u0639 \u0647\u0630\u0627 \u0627\u0644\u0633\u0644\u0645 \u0627\u0644\u062a\u0644\u0633\u0643\u0648\u0628\u064a \u0627\u0644\u0642\u0627\u0628\u0644 \u0644\u062a\u0639\u062f\u064a\u0644 \u0627\u0644\u0627\u0631\u062a\u0641\u0627\u0639 \u0628\u0627\u0644\u0643\u0627\u0645\u0644 \u0641\u064a \u0625\u064a\u0637\u0627\u0644\u064a\u0627\u060c \u0645\u0645\u0627 \u064a\u062a\u064a\u062d \u0627\u0644\u0639\u0645\u0644 \u0639\u0644\u0649 \u0627\u0644\u0633\u0644\u0627\u0644\u0645. \u064a\u062a\u0648\u0641\u0631 \u0628\u062b\u0644\u0627\u062b\u0629 \u062e\u064a\u0627\u0631\u0627\u062a \u0645\u0646 3 \u0625\u0644\u0649 5 \u062f\u0631\u062c\u0627\u062a (\u0645\u0646 2.80 \u0645\u062a\u0631 \u0625\u0644\u0649 3.30 \u0645\u062a\u0631)\u060c \u0648\u0645\u0646 5 \u0625\u0644\u0649 8 \u062f\u0631\u062c\u0627\u062a (\u0645\u0646 3.30 \u0645\u062a\u0631 \u0625\u0644\u0649 4.10 \u0645\u062a\u0631)\u060c \u0648\u0645\u0646 6 \u0625\u0644\u0649 10 \u062f\u0631\u062c\u0627\u062a (\u0645\u0646 3.60 \u0645\u062a\u0631 \u0625\u0644\u0649 4.60 \u0645\u062a\u0631). \u062a\u062a\u0645\u064a\u0632 \u0645\u0646\u0635\u0629 \u0627\u0644\u0639\u0645\u0644 \u0627\u0644\u0645\u0627\u0646\u0639\u0629 \u0644\u0644\u0627\u0646\u0632\u0644\u0627\u0642\u060c \u0628\u0642\u064a\u0627\u0633 0.52 \u00d7 0.62 \u0645\u062a\u0631\u060c \u0628\u062d\u0627\u062c\u0632 \u0623\u0645\u0627\u0646 \u0645\u0632\u062f\u0648\u062c \u0635\u0644\u0628 \u0648\u0645\u062b\u0628\u062a\u0627\u062a. \u0648\u0647\u0648 \u0645\u0646\u0627\u0633\u0628 \u0644\u0644\u0627\u0633\u062a\u062e\u062f\u0627\u0645 \u0641\u064a \u062c\u0645\u064a\u0639 \u0645\u0648\u0627\u0642\u0639 \u0627\u0644\u0628\u0646\u0627\u0621 \u0641\u064a \u0627\u0644\u0645\u063a\u0631\u0628.<\/p>\n<div><img decoding=\"async\" class=\"certif\" src=\"https:\/\/monechelle.ma\/wp-content\/uploads\/2025\/09\/certif-pls.webp\" alt=\"certif-pls\" width=\"500\" \/><\/div>","protected":false},"excerpt":{"rendered":"<p>PLS Est une \u00e9chelle PIRL t\u00e9lescopique avec plateforme en Aluminium certifi\u00e9 et norm\u00e9 EN131-7, produit 100% en Italie, Echelle t\u00e9lescopique r\u00e9glable en hauteur, Echelle r\u00e9glable permettant de travailler dans les escaliers, 3 \u00e0 5 marches (2.80m \u00e0 3.30m), 5 \u00e0 8 marches (3.30m \u00e0 4.10m), 6 \u00e0 10 marches (3.60m \u00e0 4.60m), Plateforme de travail&#8230;<\/p>","protected":false},"featured_media":12674,"comment_status":"open","ping_status":"closed","template":"","meta":{"_acf_changed":false,"_bst_post_transparent":"default","_bst_post_title":"","_bst_post_layout":"default","_bst_post_sidebar_id":"","_bst_post_content_style":"default","_bst_post_vertical_padding":"default","_bst_post_feature":"","_bst_post_feature_position":"","_bst_post_header":false,"_bst_post_footer":false},"pwb-brand":[507],"product_brand":[],"product_cat":[566],"product_tag":[],"product_brands":[],"class_list":{"0":"post-6759","1":"product","2":"type-product","3":"status-publish","4":"has-post-thumbnail","6":"pwb-brand-faraone","7":"product_cat-plateformes-pirl","9":"first","10":"instock","11":"shipping-taxable","12":"product-type-variable","13":"entry","14":"content-bg","15":"loop-entry"},"acf":[],"brands":[{"id":507,"name":"\u0641\u0627\u0631\u0648\u0648\u0646","slug":"faraone"}],"_links":{"self":[{"href":"https:\/\/monechelle.ma\/ar\/wp-json\/wp\/v2\/product\/6759","targetHints":{"allow":["GET"]}}],"collection":[{"href":"https:\/\/monechelle.ma\/ar\/wp-json\/wp\/v2\/product"}],"about":[{"href":"https:\/\/monechelle.ma\/ar\/wp-json\/wp\/v2\/types\/product"}],"replies":[{"embeddable":true,"href":"https:\/\/monechelle.ma\/ar\/wp-json\/wp\/v2\/comments?post=6759"}],"version-history":[{"count":13,"href":"https:\/\/monechelle.ma\/ar\/wp-json\/wp\/v2\/product\/6759\/revisions"}],"predecessor-version":[{"id":12675,"href":"https:\/\/monechelle.ma\/ar\/wp-json\/wp\/v2\/product\/6759\/revisions\/12675"}],"wp:featuredmedia":[{"embeddable":true,"href":"https:\/\/monechelle.ma\/ar\/wp-json\/wp\/v2\/media\/12674"}],"wp:attachment":[{"href":"https:\/\/monechelle.ma\/ar\/wp-json\/wp\/v2\/media?parent=6759"}],"wp:term":[{"taxonomy":"pwb-brand","embeddable":true,"href":"https:\/\/monechelle.ma\/ar\/wp-json\/wp\/v2\/pwb-brand?post=6759"},{"taxonomy":"product_brand","embeddable":true,"href":"https:\/\/monechelle.ma\/ar\/wp-json\/wp\/v2\/product_brand?post=6759"},{"taxonomy":"product_cat","embeddable":true,"href":"https:\/\/monechelle.ma\/ar\/wp-json\/wp\/v2\/product_cat?post=6759"},{"taxonomy":"product_tag","embeddable":true,"href":"https:\/\/monechelle.ma\/ar\/wp-json\/wp\/v2\/product_tag?post=6759"},{"taxonomy":"product_brands","embeddable":true,"href":"https:\/\/monechelle.ma\/ar\/wp-json\/wp\/v2\/product_brands?post=6759"}],"curies":[{"name":"wp","href":"https:\/\/api.w.org\/{rel}","templated":true}]}}