{"id":6853,"date":"2025-09-16T16:47:47","date_gmt":"2025-09-16T14:47:47","guid":{"rendered":"https:\/\/monechelle.ma\/?post_type=product&#038;p=6853"},"modified":"2026-04-06T16:00:56","modified_gmt":"2026-04-06T15:00:56","slug":"echelle-de-fouille-scrt","status":"publish","type":"product","link":"https:\/\/monechelle.ma\/ar\/product\/echelle-de-fouille-scrt\/","title":{"rendered":"\u0633\u0644\u0645 \u0627\u0644\u062d\u0641\u0631 SCRT"},"content":{"rendered":"<p>\u0635\u064f\u0645\u0645 \u0647\u0630\u0627 \u0627\u0644\u0633\u0644\u0645 \u0627\u0644\u0642\u0627\u0628\u0644 \u0644\u062a\u0639\u062f\u064a\u0644 \u0627\u0644\u0627\u0631\u062a\u0641\u0627\u0639 \u0644\u062a\u0648\u0641\u064a\u0631 \u0648\u0635\u0648\u0644 \u0622\u0645\u0646 \u0625\u0644\u0649 \u0642\u0627\u0639 \u0627\u0644\u062d\u0641\u0631\u064a\u0627\u062a \u0639\u0644\u0649 \u0627\u0631\u062a\u0641\u0627\u0639\u0627\u062a \u062a\u062a\u0631\u0627\u0648\u062d \u0645\u0646 1.60 \u0645\u062a\u0631 \u0625\u0644\u0649 4.24 \u0645\u062a\u0631. \u0648\u0647\u0648 \u0645\u0632\u0648\u062f \u0628\u062f\u0631\u0627\u0628\u0632\u064a\u0646 \u0648\u062d\u0627\u062c\u0632 \u0623\u0645\u0627\u0646 \u0628\u0637\u0648\u0644 \u0645\u062a\u0631 \u0648\u0627\u062d\u062f \u0644\u062a\u0648\u0641\u064a\u0631 \u0623\u0642\u0635\u0649 \u062f\u0631\u062c\u0627\u062a \u0627\u0644\u062d\u0645\u0627\u064a\u0629 \u0644\u0644\u0645\u0633\u062a\u062e\u062f\u0645. \u0643\u0645\u0627 \u064a\u0636\u0645\u0646 \u0647\u064a\u0643\u0644\u0647 \u0627\u0644\u0645\u0635\u0646\u0648\u0639 \u0645\u0646 \u0627\u0644\u0623\u0644\u0648\u0645\u0646\u064a\u0648\u0645 \u0627\u0644\u0645\u062a\u064a\u0646 \u0627\u0644\u062b\u0628\u0627\u062a \u0648\u0627\u0644\u0645\u062a\u0627\u0646\u0629 \u0641\u064a \u0645\u0648\u0642\u0639 \u0627\u0644\u0639\u0645\u0644.<\/p>\n<div><img fetchpriority=\"high\" decoding=\"async\" src=\"https:\/\/monechelle.ma\/wp-content\/uploads\/2025\/09\/scrt-norms-et-certifs.webp\" alt=\"norm-certif-scrt\" width=\"500\" height=\"100\" \/><\/div>\n<ul>\n<li><strong>\u062a\u0644\u0633\u0643\u0648\u0628\u064a:<\/strong> \u0642\u0627\u0628\u0644 \u0644\u0644\u062a\u0639\u062f\u064a\u0644 \u0641\u064a \u0627\u0644\u0627\u0631\u062a\u0641\u0627\u0639 \u0644\u064a\u062a\u0646\u0627\u0633\u0628 \u0645\u0639 \u0627\u0644\u0627\u062d\u062a\u064a\u0627\u062c\u0627\u062a \u0627\u0644\u0645\u062e\u062a\u0644\u0641\u0629.<\/li>\n<li>\u2060<strong>\u0633\u0647\u0648\u0644\u0629 \u0627\u0644\u0648\u0635\u0648\u0644 \u0627\u0644\u0645\u062a\u0639\u062f\u062f\u0629:<\/strong> \u0645\u062b\u0627\u0644\u064a \u0644\u0645\u0648\u0627\u0642\u0639 \u0627\u0644\u062d\u0641\u0631 \u0623\u0648 \u063a\u064a\u0631\u0647\u0627 \u0645\u0646 \u0627\u062d\u062a\u064a\u0627\u062c\u0627\u062a \u0627\u0644\u0648\u0635\u0648\u0644.<\/li>\n<li><strong>\u0642\u0627\u0628\u0644\u0629 \u0644\u0644\u0637\u064a \u0628\u0627\u0644\u0643\u0627\u0645\u0644:<\/strong> \u064a\u0633\u0647\u0644 \u062a\u062e\u0632\u064a\u0646\u0647\u0627 \u0639\u0646\u062f \u0639\u062f\u0645 \u0627\u0633\u062a\u062e\u062f\u0627\u0645\u0647\u0627\u060c \u0648\u0644\u0627 \u062a\u0634\u063a\u0644 \u0645\u0633\u0627\u062d\u0629 \u0643\u0628\u064a\u0631\u0629.<\/li>\n<li><strong>\u062f\u0631\u0627\u0628\u0632\u064a\u0646:<\/strong> \u0644\u0636\u0645\u0627\u0646 \u0625\u0645\u0633\u0627\u0643 \u0622\u0645\u0646 \u0623\u062b\u0646\u0627\u0621 \u0627\u0644\u0627\u0633\u062a\u062e\u062f\u0627\u0645.<\/li>\n<li><strong>\u0635\u064a\u0646\u064a\u0629 \u0623\u0644\u0648\u0645\u0646\u064a\u0648\u0645 \u0645\u0631\u0628\u0639\u0629 \u0645\u0627\u0646\u0639\u0629 \u0644\u0644\u0627\u0646\u0632\u0644\u0627\u0642:<\/strong> \u0645\u062a\u064a\u0646\u0629 \u0648\u0622\u0645\u0646\u0629 \u0644\u0644\u0645\u0633\u062a\u062e\u062f\u0645.<\/li>\n<\/ul>","protected":false},"excerpt":{"rendered":"<p>\u00c9chelle r\u00e9glable en hauteur, con\u00e7ue pour acc\u00e9der en toute s\u00e9curit\u00e9 au fond des fouilles de 1,60 m \u00e0 4,24 m. Elle est munie de mains courantes et de garde-corps d\u2019un m\u00e8tre pour une protection optimale de l\u2019utilisateur. Sa conception robuste en aluminium assure stabilit\u00e9 et durabilit\u00e9 sur chantier. T\u00e9lescopique : R\u00e9glable en hauteur pour s&rsquo;adapter&#8230;<\/p>","protected":false},"featured_media":7110,"comment_status":"open","ping_status":"closed","template":"","meta":{"_acf_changed":false,"_bst_post_transparent":"default","_bst_post_title":"","_bst_post_layout":"default","_bst_post_sidebar_id":"","_bst_post_content_style":"default","_bst_post_vertical_padding":"default","_bst_post_feature":"","_bst_post_feature_position":"","_bst_post_header":false,"_bst_post_footer":false},"pwb-brand":[507],"product_brand":[],"product_cat":[463],"product_tag":[],"product_brands":[],"class_list":{"0":"post-6853","1":"product","2":"type-product","3":"status-publish","4":"has-post-thumbnail","6":"pwb-brand-faraone","7":"product_cat-echelles","9":"first","10":"instock","11":"shipping-taxable","12":"purchasable","13":"product-type-variable","14":"entry","15":"content-bg","16":"loop-entry"},"acf":[],"brands":[{"id":507,"name":"\u0641\u0627\u0631\u0648\u0648\u0646","slug":"faraone"}],"_links":{"self":[{"href":"https:\/\/monechelle.ma\/ar\/wp-json\/wp\/v2\/product\/6853","targetHints":{"allow":["GET"]}}],"collection":[{"href":"https:\/\/monechelle.ma\/ar\/wp-json\/wp\/v2\/product"}],"about":[{"href":"https:\/\/monechelle.ma\/ar\/wp-json\/wp\/v2\/types\/product"}],"replies":[{"embeddable":true,"href":"https:\/\/monechelle.ma\/ar\/wp-json\/wp\/v2\/comments?post=6853"}],"version-history":[{"count":5,"href":"https:\/\/monechelle.ma\/ar\/wp-json\/wp\/v2\/product\/6853\/revisions"}],"predecessor-version":[{"id":9532,"href":"https:\/\/monechelle.ma\/ar\/wp-json\/wp\/v2\/product\/6853\/revisions\/9532"}],"wp:featuredmedia":[{"embeddable":true,"href":"https:\/\/monechelle.ma\/ar\/wp-json\/wp\/v2\/media\/7110"}],"wp:attachment":[{"href":"https:\/\/monechelle.ma\/ar\/wp-json\/wp\/v2\/media?parent=6853"}],"wp:term":[{"taxonomy":"pwb-brand","embeddable":true,"href":"https:\/\/monechelle.ma\/ar\/wp-json\/wp\/v2\/pwb-brand?post=6853"},{"taxonomy":"product_brand","embeddable":true,"href":"https:\/\/monechelle.ma\/ar\/wp-json\/wp\/v2\/product_brand?post=6853"},{"taxonomy":"product_cat","embeddable":true,"href":"https:\/\/monechelle.ma\/ar\/wp-json\/wp\/v2\/product_cat?post=6853"},{"taxonomy":"product_tag","embeddable":true,"href":"https:\/\/monechelle.ma\/ar\/wp-json\/wp\/v2\/product_tag?post=6853"},{"taxonomy":"product_brands","embeddable":true,"href":"https:\/\/monechelle.ma\/ar\/wp-json\/wp\/v2\/product_brands?post=6853"}],"curies":[{"name":"wp","href":"https:\/\/api.w.org\/{rel}","templated":true}]}}