{"id":6887,"date":"2025-09-17T13:48:46","date_gmt":"2025-09-17T11:48:46","guid":{"rendered":"https:\/\/monechelle.ma\/?post_type=product&#038;p=6887"},"modified":"2026-04-06T15:44:26","modified_gmt":"2026-04-06T14:44:26","slug":"echelle-transformable-orange-3-plans","status":"publish","type":"product","link":"https:\/\/monechelle.ma\/ar\/product\/echelle-transformable-orange-3-plans\/","title":{"rendered":"\u0633\u0644\u0645 \u0623\u0648\u0631\u0648\u0646\u062c 3 \u0623\u0642\u0633\u0627\u0645 \u0642\u0627\u0628\u0644 \u0644\u0644\u062a\u062d\u0648\u064a\u0644"},"content":{"rendered":"<p>\u0635\u064f\u0645\u0645 \u0633\u0644\u0645 \u0623\u0648\u0631\u0627\u0646\u062c \u0627\u0644\u0645\u0635\u0646\u0648\u0639 \u0645\u0646 \u0627\u0644\u0623\u0644\u0648\u0645\u0646\u064a\u0648\u0645 \u0648\u0627\u0644\u0642\u0627\u0628\u0644 \u0644\u0644\u062a\u062d\u0648\u064a\u0644\u060c \u0648\u0627\u0644\u0645\u0643\u0648\u0646 \u0645\u0646 \u0642\u0633\u0645\u064a\u0646 \u0623\u0648 \u062b\u0644\u0627\u062b\u0629 \u0623\u0642\u0633\u0627\u0645\u060c \u0644\u0644\u0627\u0633\u062a\u062e\u062f\u0627\u0645 \u0627\u0644\u0645\u0647\u0646\u064a \u0627\u0644\u0645\u0643\u062b\u0641. \u064a\u062a\u0645\u064a\u0632 \u0628\u0642\u0627\u0639\u062f\u0629 \u062b\u0627\u0628\u062a\u0629 \u0645\u0632\u0648\u062f\u0629 \u0628\u0623\u0642\u062f\u0627\u0645 \u0645\u0639\u0632\u0632\u0629\u060c \u0648\u0646\u0638\u0627\u0645 \u0642\u0641\u0644\u060c \u0648\u0642\u0648\u0627\u0626\u0645 \u0639\u0631\u064a\u0636\u0629 \u0644\u0644\u063a\u0627\u064a\u0629 \u0644\u0636\u0645\u0627\u0646 \u0627\u0644\u0633\u0644\u0627\u0645\u0629 \u0648\u0627\u0644\u0645\u062a\u0627\u0646\u0629. \u064a\u062a\u0648\u0641\u0631 \u0627\u0644\u0633\u0644\u0645 \u0628\u0646\u0645\u0627\u0630\u062c \u0630\u0627\u062a \u062f\u0631\u062c\u0627\u062a \u0645\u0646 2\u00d77 \u0625\u0644\u0649 2\u00d711 \u0648\u0645\u0646 3\u00d77 \u0625\u0644\u0649 3\u00d713\u060c \u0648\u064a\u0635\u0644 \u0627\u0631\u062a\u0641\u0627\u0639\u0647 \u0625\u0644\u0649 10 \u0623\u0645\u062a\u0627\u0631\u060c \u0648\u064a\u0648\u0641\u0631 \u062b\u0644\u0627\u062b\u0629 \u0623\u0648\u0636\u0627\u0639 \u0639\u0645\u0644. \u064a\u064f\u062c\u0647\u0632 \u0633\u0644\u0645 \u0623\u0648\u0631\u0627\u0646\u062c \u0628\u062d\u0632\u0627\u0645 \u0645\u062a\u064a\u0646 \u0644\u0631\u0628\u0637 \u0627\u0644\u0623\u0642\u0633\u0627\u0645\u060c \u0648\u062f\u0631\u062c\u0627\u062a \u0645\u0642\u0627\u0633 28\u00d728 \u0645\u0645 \u0645\u062a\u0628\u0627\u0639\u062f\u0629 \u0628\u0645\u0633\u0627\u0641\u0629 270 \u0645\u0645 \u0644\u0636\u0645\u0627\u0646 \u0645\u062a\u0627\u0646\u0629 \u0627\u0644\u0633\u0644\u0645 \u0648\u0631\u0627\u062d\u0629 \u0627\u0644\u0645\u0633\u062a\u062e\u062f\u0645.<\/p>\n<p>\u064a\u062a\u0648\u0627\u0641\u0642 \u0645\u0639 \u0645\u0639\u0627\u064a\u064a\u0631 EN 131.<\/p>\n<div class=\"certif\">\n<p><img decoding=\"async\" src=\"https:\/\/monechelle.ma\/wp-content\/uploads\/2025\/09\/logos-et-norme-marchetti-04.png.webp\" alt=\"certif1\" width=\"300\" height=\"100\" \/><\/p>\n<p><img decoding=\"async\" src=\"https:\/\/monechelle.ma\/wp-content\/uploads\/2025\/09\/art-113.webp\" alt=\"certif2\" width=\"300\" height=\"100\" \/><\/p>\n<\/div>","protected":false},"excerpt":{"rendered":"<p>L\u2019\u00e9chelle Orange transformable 2 plans et 3 plans en aluminium est pour un usage professionnel intensif. Elle dispose d\u2019une embase stabilisatrice avec des sabots renforc\u00e9s, un syst\u00e8me de verouillage et des montants extra-larges garantissant s\u00e9curit\u00e9 et r\u00e9sistance. Avec des mod\u00e8les de 2&#215;7 \u00e0 2&#215;11 et de 3&#215;7 \u00e0 3&#215;13 \u00e9chelons, elle atteint une hauteur de&#8230;<\/p>","protected":false},"featured_media":7102,"comment_status":"open","ping_status":"closed","template":"","meta":{"_acf_changed":false,"_bst_post_transparent":"default","_bst_post_title":"","_bst_post_layout":"default","_bst_post_sidebar_id":"","_bst_post_content_style":"default","_bst_post_vertical_padding":"default","_bst_post_feature":"","_bst_post_feature_position":"","_bst_post_header":false,"_bst_post_footer":false},"pwb-brand":[509],"product_brand":[],"product_cat":[463],"product_tag":[],"product_brands":[],"class_list":{"0":"post-6887","1":"product","2":"type-product","3":"status-publish","4":"has-post-thumbnail","6":"pwb-brand-marchetti","7":"product_cat-echelles","9":"first","10":"instock","11":"shipping-taxable","12":"purchasable","13":"product-type-variable","14":"entry","15":"content-bg","16":"loop-entry"},"acf":[],"brands":[{"id":509,"name":"marchetti","slug":"marchetti"}],"_links":{"self":[{"href":"https:\/\/monechelle.ma\/ar\/wp-json\/wp\/v2\/product\/6887","targetHints":{"allow":["GET"]}}],"collection":[{"href":"https:\/\/monechelle.ma\/ar\/wp-json\/wp\/v2\/product"}],"about":[{"href":"https:\/\/monechelle.ma\/ar\/wp-json\/wp\/v2\/types\/product"}],"replies":[{"embeddable":true,"href":"https:\/\/monechelle.ma\/ar\/wp-json\/wp\/v2\/comments?post=6887"}],"version-history":[{"count":8,"href":"https:\/\/monechelle.ma\/ar\/wp-json\/wp\/v2\/product\/6887\/revisions"}],"predecessor-version":[{"id":11206,"href":"https:\/\/monechelle.ma\/ar\/wp-json\/wp\/v2\/product\/6887\/revisions\/11206"}],"wp:featuredmedia":[{"embeddable":true,"href":"https:\/\/monechelle.ma\/ar\/wp-json\/wp\/v2\/media\/7102"}],"wp:attachment":[{"href":"https:\/\/monechelle.ma\/ar\/wp-json\/wp\/v2\/media?parent=6887"}],"wp:term":[{"taxonomy":"pwb-brand","embeddable":true,"href":"https:\/\/monechelle.ma\/ar\/wp-json\/wp\/v2\/pwb-brand?post=6887"},{"taxonomy":"product_brand","embeddable":true,"href":"https:\/\/monechelle.ma\/ar\/wp-json\/wp\/v2\/product_brand?post=6887"},{"taxonomy":"product_cat","embeddable":true,"href":"https:\/\/monechelle.ma\/ar\/wp-json\/wp\/v2\/product_cat?post=6887"},{"taxonomy":"product_tag","embeddable":true,"href":"https:\/\/monechelle.ma\/ar\/wp-json\/wp\/v2\/product_tag?post=6887"},{"taxonomy":"product_brands","embeddable":true,"href":"https:\/\/monechelle.ma\/ar\/wp-json\/wp\/v2\/product_brands?post=6887"}],"curies":[{"name":"wp","href":"https:\/\/api.w.org\/{rel}","templated":true}]}}