{"id":6947,"date":"2025-09-18T17:48:10","date_gmt":"2025-09-18T15:48:10","guid":{"rendered":"https:\/\/monechelle.ma\/?post_type=product&#038;p=6947"},"modified":"2026-04-06T16:31:08","modified_gmt":"2026-04-06T15:31:08","slug":"escabeau-comoda","status":"publish","type":"product","link":"https:\/\/monechelle.ma\/ar\/product\/escabeau-comoda\/","title":{"rendered":"\u0633\u0644\u0645 \u0643\u0648\u0645\u0648\u062f\u0627"},"content":{"rendered":"<p>\u0633\u0644\u0645 \u0643\u0648\u0645\u0648\u062f\u0627 \u0647\u0648 \u0633\u0644\u0645 \u0623\u0644\u0648\u0645\u0646\u064a\u0648\u0645 \u0645\u062a\u064a\u0646 \u0648\u0645\u062a\u0648\u0627\u0641\u0642 \u0645\u0639 \u0645\u0639\u064a\u0627\u0631 EN131\u060c \u0645\u0632\u0648\u062f \u0628\u062d\u0627\u0645\u0644 \u0623\u062f\u0648\u0627\u062a \u0641\u064a \u0627\u0644\u0623\u0639\u0644\u0649. \u064a\u062a\u0645\u064a\u0632 \u0628\u062f\u0631\u062c\u0627\u062a \u0645\u062a\u064a\u0646\u0629 \u0648\u0645\u0631\u064a\u062d\u0629 \u0645\u0627\u0646\u0639\u0629 \u0644\u0644\u0627\u0646\u0632\u0644\u0627\u0642 \u0628\u0627\u0631\u062a\u0641\u0627\u0639 120 \u0645\u0645\u060c \u0648\u0645\u0646\u0635\u0629 \u0628\u0645\u0642\u0627\u0633 250 \u00d7 250 \u0645\u0645 \u0645\u0632\u0648\u062f\u0629 \u0628\u0646\u0638\u0627\u0645 \u0642\u0641\u0644. \u064a\u062a\u0648\u0641\u0631 \u0633\u0644\u0645 \u0643\u0648\u0645\u0648\u062f\u0627 \u0628\u062b\u0644\u0627\u062b \u0625\u0644\u0649 \u0633\u0628\u0639 \u062f\u0631\u062c\u0627\u062a. \u064a\u0635\u0644 \u0627\u0631\u062a\u0641\u0627\u0639 \u0627\u0644\u0639\u0645\u0644 \u0627\u0644\u0623\u0642\u0635\u0649 \u0625\u0644\u0649 3.56 \u0645\u062a\u0631\u060c \u0645\u0639 \u0642\u062f\u0631\u0629 \u062a\u062d\u0645\u0644 \u0642\u0635\u0648\u0649 \u062a\u0628\u0644\u063a 150 \u0643\u062c\u0645.<\/p>\n<div class=\"certif\">\n<p><img decoding=\"async\" src=\"https:\/\/monechelle.ma\/wp-content\/uploads\/2025\/09\/logos-et-norme-marchetti-04.png.webp\" alt=\"certif\" width=\"300\" height=\"100\" \/><\/p>\n<p><img decoding=\"async\" src=\"https:\/\/monechelle.ma\/wp-content\/uploads\/2025\/09\/art-113.webp\" alt=\"certif\" width=\"300\" height=\"100\" \/><\/p>\n<\/div>","protected":false},"excerpt":{"rendered":"<p>COMODA est une \u00e9chelle en aluminium norm\u00e9e EN131, robuste avec un porte-outils \u00e0 l\u2019extr\u00e9mit\u00e9 sup\u00e9rieure de l\u2019\u00e9chelle. Elle est munie de marches antid\u00e9rapantes solides et confortables de 120mm et d\u2019une plateforme de 250x250mm avec syst\u00e8me de verrouillage. Comoda est disponible de 3 \u00e0 7 marches. Comoda peut atteindre une hauteur de travail maximale de 3,56m&#8230;<\/p>","protected":false},"featured_media":7105,"comment_status":"open","ping_status":"closed","template":"","meta":{"_acf_changed":false,"_bst_post_transparent":"default","_bst_post_title":"","_bst_post_layout":"default","_bst_post_sidebar_id":"","_bst_post_content_style":"default","_bst_post_vertical_padding":"default","_bst_post_feature":"","_bst_post_feature_position":"","_bst_post_header":false,"_bst_post_footer":false},"pwb-brand":[509],"product_brand":[],"product_cat":[653],"product_tag":[],"product_brands":[],"class_list":{"0":"post-6947","1":"product","2":"type-product","3":"status-publish","4":"has-post-thumbnail","6":"pwb-brand-marchetti","7":"product_cat-escabeaux","9":"first","10":"instock","11":"shipping-taxable","12":"purchasable","13":"product-type-variable","14":"entry","15":"content-bg","16":"loop-entry"},"acf":[],"brands":[{"id":509,"name":"marchetti","slug":"marchetti"}],"_links":{"self":[{"href":"https:\/\/monechelle.ma\/ar\/wp-json\/wp\/v2\/product\/6947","targetHints":{"allow":["GET"]}}],"collection":[{"href":"https:\/\/monechelle.ma\/ar\/wp-json\/wp\/v2\/product"}],"about":[{"href":"https:\/\/monechelle.ma\/ar\/wp-json\/wp\/v2\/types\/product"}],"replies":[{"embeddable":true,"href":"https:\/\/monechelle.ma\/ar\/wp-json\/wp\/v2\/comments?post=6947"}],"version-history":[{"count":7,"href":"https:\/\/monechelle.ma\/ar\/wp-json\/wp\/v2\/product\/6947\/revisions"}],"predecessor-version":[{"id":11210,"href":"https:\/\/monechelle.ma\/ar\/wp-json\/wp\/v2\/product\/6947\/revisions\/11210"}],"wp:featuredmedia":[{"embeddable":true,"href":"https:\/\/monechelle.ma\/ar\/wp-json\/wp\/v2\/media\/7105"}],"wp:attachment":[{"href":"https:\/\/monechelle.ma\/ar\/wp-json\/wp\/v2\/media?parent=6947"}],"wp:term":[{"taxonomy":"pwb-brand","embeddable":true,"href":"https:\/\/monechelle.ma\/ar\/wp-json\/wp\/v2\/pwb-brand?post=6947"},{"taxonomy":"product_brand","embeddable":true,"href":"https:\/\/monechelle.ma\/ar\/wp-json\/wp\/v2\/product_brand?post=6947"},{"taxonomy":"product_cat","embeddable":true,"href":"https:\/\/monechelle.ma\/ar\/wp-json\/wp\/v2\/product_cat?post=6947"},{"taxonomy":"product_tag","embeddable":true,"href":"https:\/\/monechelle.ma\/ar\/wp-json\/wp\/v2\/product_tag?post=6947"},{"taxonomy":"product_brands","embeddable":true,"href":"https:\/\/monechelle.ma\/ar\/wp-json\/wp\/v2\/product_brands?post=6947"}],"curies":[{"name":"wp","href":"https:\/\/api.w.org\/{rel}","templated":true}]}}