{"id":7051,"date":"2025-09-22T12:23:00","date_gmt":"2025-09-22T10:23:00","guid":{"rendered":"https:\/\/monechelle.ma\/?post_type=product&#038;p=7051"},"modified":"2026-04-06T16:50:21","modified_gmt":"2026-04-06T15:50:21","slug":"echelle-plateforme-rolguard","status":"publish","type":"product","link":"https:\/\/monechelle.ma\/ar\/product\/echelle-plateforme-rolguard\/","title":{"rendered":"\u0633\u0644\u0645 \u0645\u0646\u0635\u0629 \u0631\u0648\u0644\u063a\u0627\u0631\u062f"},"content":{"rendered":"<p>\u0645\u0646\u0635\u0629 \u0627\u0644\u0639\u0645\u0644 \u0627\u0644\u0645\u062a\u062d\u0631\u0643\u0629 RolGuard \u0647\u064a \u0623\u062d\u062f\u062b \u0645\u0646\u0635\u0627\u062a\u0646\u0627 \u0648\u0623\u0643\u062b\u0631\u0647\u0627 \u062a\u0637\u0648\u0631\u0627\u064b. \u0628\u0641\u0636\u0644 \u0645\u0646\u0635\u062a\u0647\u0627 \u0627\u0644\u0643\u0628\u064a\u0631\u0629 \u062c\u062f\u064b\u0627 (60 \u00d7 40 \u0633\u0645)\u060c \u0641\u0647\u064a \u0622\u0645\u0646\u0629 \u0648\u0645\u0631\u064a\u062d\u0629 \u0644\u0644\u0627\u0633\u062a\u062e\u062f\u0627\u0645 \u062f\u0627\u0626\u0645\u064b\u0627. \u064a\u0648\u0641\u0631 \u0625\u0637\u0627\u0631\u0647\u0627 \u0627\u0644\u0643\u0627\u0645\u0644 \u062d\u0645\u0627\u064a\u0629 \u0634\u0627\u0645\u0644\u0629 \u0645\u0646 \u0627\u0644\u0633\u0642\u0648\u0637 \u0628\u0632\u0627\u0648\u064a\u0629 360 \u062f\u0631\u062c\u0629\u060c \u0645\u0645\u0627 \u064a\u0633\u0645\u062d \u0644\u0643 \u0628\u0627\u0644\u0639\u0645\u0644 \u0628\u0623\u0645\u0627\u0646 \u0648\u062f\u0648\u0646 \u0627\u0633\u062a\u062e\u062f\u0627\u0645 \u0627\u0644\u064a\u062f\u064a\u0646. \u0628\u0627\u0644\u0625\u0636\u0627\u0641\u0629 \u0625\u0644\u0649 \u0630\u0644\u0643\u060c \u064a\u0633\u0627\u0647\u0645 \u0627\u0644\u0645\u062b\u0628\u062a \u0641\u064a \u0632\u064a\u0627\u062f\u0629 \u0627\u0644\u062b\u0628\u0627\u062a \u0623\u062b\u0646\u0627\u0621 \u0627\u0644\u062a\u0634\u063a\u064a\u0644. \u0628\u0627\u062e\u062a\u0635\u0627\u0631\u060c \u0625\u0646\u0647\u0627 \u0645\u0632\u064a\u062c \u0645\u062b\u0627\u0644\u064a \u0628\u064a\u0646 \u0627\u0644\u0631\u0627\u062d\u0629 \u0648\u0627\u0644\u0623\u0645\u0627\u0646.<\/p>","protected":false},"excerpt":{"rendered":"<p>La RolGuard est notre plate-forme individuelle roulante la plus avanc\u00e9e. Gr\u00e2ce \u00e0 sa plate-forme tr\u00e8s spacieuse (60 x 40 cm), son utilisation est toujours s\u00fbre et confortable. Son cadre de s\u00e9curit\u00e9 int\u00e9gral garantit une protection anti-chute \u00e0 360 degr\u00e9s, vous permettant de travailler en toute s\u00e9curit\u00e9, les mains libres. De plus, le stabilisateur contribue \u00e0&#8230;<\/p>","protected":false},"featured_media":12679,"comment_status":"open","ping_status":"closed","template":"","meta":{"_acf_changed":false,"_bst_post_transparent":"default","_bst_post_title":"","_bst_post_layout":"default","_bst_post_sidebar_id":"","_bst_post_content_style":"default","_bst_post_vertical_padding":"default","_bst_post_feature":"","_bst_post_feature_position":"","_bst_post_header":false,"_bst_post_footer":false},"pwb-brand":[620],"product_brand":[],"product_cat":[566],"product_tag":[],"product_brands":[],"class_list":{"0":"post-7051","1":"product","2":"type-product","3":"status-publish","4":"has-post-thumbnail","6":"pwb-brand-altrex","7":"product_cat-plateformes-pirl","9":"first","10":"instock","11":"shipping-taxable","12":"product-type-variable","13":"entry","14":"content-bg","15":"loop-entry"},"acf":[],"brands":[{"id":620,"name":"\u0623\u0644\u062a\u0631\u064a\u0643\u0633","slug":"altrex"}],"_links":{"self":[{"href":"https:\/\/monechelle.ma\/ar\/wp-json\/wp\/v2\/product\/7051","targetHints":{"allow":["GET"]}}],"collection":[{"href":"https:\/\/monechelle.ma\/ar\/wp-json\/wp\/v2\/product"}],"about":[{"href":"https:\/\/monechelle.ma\/ar\/wp-json\/wp\/v2\/types\/product"}],"replies":[{"embeddable":true,"href":"https:\/\/monechelle.ma\/ar\/wp-json\/wp\/v2\/comments?post=7051"}],"version-history":[{"count":8,"href":"https:\/\/monechelle.ma\/ar\/wp-json\/wp\/v2\/product\/7051\/revisions"}],"predecessor-version":[{"id":7055,"href":"https:\/\/monechelle.ma\/ar\/wp-json\/wp\/v2\/product\/7051\/revisions\/7055"}],"wp:featuredmedia":[{"embeddable":true,"href":"https:\/\/monechelle.ma\/ar\/wp-json\/wp\/v2\/media\/12679"}],"wp:attachment":[{"href":"https:\/\/monechelle.ma\/ar\/wp-json\/wp\/v2\/media?parent=7051"}],"wp:term":[{"taxonomy":"pwb-brand","embeddable":true,"href":"https:\/\/monechelle.ma\/ar\/wp-json\/wp\/v2\/pwb-brand?post=7051"},{"taxonomy":"product_brand","embeddable":true,"href":"https:\/\/monechelle.ma\/ar\/wp-json\/wp\/v2\/product_brand?post=7051"},{"taxonomy":"product_cat","embeddable":true,"href":"https:\/\/monechelle.ma\/ar\/wp-json\/wp\/v2\/product_cat?post=7051"},{"taxonomy":"product_tag","embeddable":true,"href":"https:\/\/monechelle.ma\/ar\/wp-json\/wp\/v2\/product_tag?post=7051"},{"taxonomy":"product_brands","embeddable":true,"href":"https:\/\/monechelle.ma\/ar\/wp-json\/wp\/v2\/product_brands?post=7051"}],"curies":[{"name":"wp","href":"https:\/\/api.w.org\/{rel}","templated":true}]}}