{"id":7122,"date":"2025-09-22T18:39:52","date_gmt":"2025-09-22T16:39:52","guid":{"rendered":"https:\/\/monechelle.ma\/?post_type=product&#038;p=7122"},"modified":"2026-04-06T16:09:51","modified_gmt":"2026-04-06T15:09:51","slug":"echelle-transformable-kibo-3-plans","status":"publish","type":"product","link":"https:\/\/monechelle.ma\/ar\/product\/echelle-transformable-kibo-3-plans\/","title":{"rendered":"\u0633\u0644\u0651\u0645 \u0643\u064a\u0628\u0648 3 \u0623\u0642\u0633\u0627\u0645 \u0642\u0627\u0628\u0644\u0629 \u0644\u0644\u062a\u062d\u0648\u064a\u0644"},"content":{"rendered":"<ul class=\"inline-list inline-list--indent-0\">\n<li class=\"my-1\">\u0645\u0646\u0627\u0633\u0628 \u0644\u0644\u0627\u0633\u062a\u062e\u062f\u0627\u0645 \u0627\u0644\u0645\u0647\u0646\u064a<\/li>\n<li class=\"my-1\">\u0645\u062a\u0648\u0641\u0631 \u0628\u0640 8 \u0625\u0644\u0649 12 \u062e\u0637\u0648\u0629<\/li>\n<li class=\"my-1\">\u0633\u0644\u0645 \u0623\u0644\u0648\u0645\u0646\u064a\u0648\u0645 \u0642\u0627\u0628\u0644 \u0644\u0644\u062a\u062d\u0648\u064a\u0644 \u0645\u0643\u0648\u0646 \u0645\u0646 3 \u0623\u0642\u0633\u0627\u0645<\/li>\n<\/ul>","protected":false},"excerpt":{"rendered":"<p>Convient pour un usage professionnel Disponible avec 8 \u00e0 12 \u00e9chelons Echelle transformable en aluminium \u00e0 3 plans<\/p>","protected":false},"featured_media":7123,"comment_status":"open","ping_status":"closed","template":"","meta":{"_acf_changed":false,"_bst_post_transparent":"default","_bst_post_title":"","_bst_post_layout":"default","_bst_post_sidebar_id":"","_bst_post_content_style":"default","_bst_post_vertical_padding":"default","_bst_post_feature":"","_bst_post_feature_position":"","_bst_post_header":false,"_bst_post_footer":false},"pwb-brand":[620],"product_brand":[],"product_cat":[463],"product_tag":[],"product_brands":[],"class_list":{"0":"post-7122","1":"product","2":"type-product","3":"status-publish","4":"has-post-thumbnail","6":"pwb-brand-altrex","7":"product_cat-echelles","9":"first","10":"instock","11":"shipping-taxable","12":"purchasable","13":"product-type-variable","14":"entry","15":"content-bg","16":"loop-entry"},"acf":[],"brands":[{"id":620,"name":"\u0623\u0644\u062a\u0631\u064a\u0643\u0633","slug":"altrex"}],"_links":{"self":[{"href":"https:\/\/monechelle.ma\/ar\/wp-json\/wp\/v2\/product\/7122","targetHints":{"allow":["GET"]}}],"collection":[{"href":"https:\/\/monechelle.ma\/ar\/wp-json\/wp\/v2\/product"}],"about":[{"href":"https:\/\/monechelle.ma\/ar\/wp-json\/wp\/v2\/types\/product"}],"replies":[{"embeddable":true,"href":"https:\/\/monechelle.ma\/ar\/wp-json\/wp\/v2\/comments?post=7122"}],"version-history":[{"count":7,"href":"https:\/\/monechelle.ma\/ar\/wp-json\/wp\/v2\/product\/7122\/revisions"}],"predecessor-version":[{"id":9879,"href":"https:\/\/monechelle.ma\/ar\/wp-json\/wp\/v2\/product\/7122\/revisions\/9879"}],"wp:featuredmedia":[{"embeddable":true,"href":"https:\/\/monechelle.ma\/ar\/wp-json\/wp\/v2\/media\/7123"}],"wp:attachment":[{"href":"https:\/\/monechelle.ma\/ar\/wp-json\/wp\/v2\/media?parent=7122"}],"wp:term":[{"taxonomy":"pwb-brand","embeddable":true,"href":"https:\/\/monechelle.ma\/ar\/wp-json\/wp\/v2\/pwb-brand?post=7122"},{"taxonomy":"product_brand","embeddable":true,"href":"https:\/\/monechelle.ma\/ar\/wp-json\/wp\/v2\/product_brand?post=7122"},{"taxonomy":"product_cat","embeddable":true,"href":"https:\/\/monechelle.ma\/ar\/wp-json\/wp\/v2\/product_cat?post=7122"},{"taxonomy":"product_tag","embeddable":true,"href":"https:\/\/monechelle.ma\/ar\/wp-json\/wp\/v2\/product_tag?post=7122"},{"taxonomy":"product_brands","embeddable":true,"href":"https:\/\/monechelle.ma\/ar\/wp-json\/wp\/v2\/product_brands?post=7122"}],"curies":[{"name":"wp","href":"https:\/\/api.w.org\/{rel}","templated":true}]}}