{"id":7138,"date":"2025-09-23T12:04:47","date_gmt":"2025-09-23T10:04:47","guid":{"rendered":"https:\/\/monechelle.ma\/?post_type=product&#038;p=7138"},"modified":"2026-04-06T16:11:55","modified_gmt":"2026-04-06T15:11:55","slug":"echelle-transformable-kibo-2-plans","status":"publish","type":"product","link":"https:\/\/monechelle.ma\/ar\/product\/echelle-transformable-kibo-2-plans\/","title":{"rendered":"\u0633\u0644\u0645 \u0643\u064a\u0628\u0648 2 \u0642\u0633\u0645\u064a\u0646 \u0642\u0627\u0628\u0644 \u0644\u0644\u062a\u062d\u0648\u064a\u0644"},"content":{"rendered":"<ul class=\"inline-list inline-list--indent-0\">\n<li class=\"my-1\">\u0633\u0644\u0645 \u0645\u0631\u064a\u062d \u0642\u0627\u0628\u0644 \u0644\u0644\u0625\u0633\u0646\u0627\u062f \u0645\u0635\u0645\u0645 \u0644\u0644\u0627\u0633\u062a\u062e\u062f\u0627\u0645 \u0639\u0644\u0649 \u0627\u0644\u0648\u0627\u062c\u0647\u0629<\/li>\n<li class=\"my-1\">\u0645\u0646\u0627\u0633\u0628 \u0644\u0644\u0627\u0633\u062a\u062e\u062f\u0627\u0645 \u0627\u0644\u0645\u0647\u0646\u064a<\/li>\n<li class=\"my-1\">\u0645\u062a\u0648\u0641\u0631 \u0628\u062b\u0645\u0627\u0646\u064a\u0629 \u0625\u0644\u0649 \u0623\u0631\u0628\u0639\u0629 \u0639\u0634\u0631 \u062f\u0631\u062c\u0629<\/li>\n<\/ul>","protected":false},"excerpt":{"rendered":"<p>Echelle d&rsquo;appui confortable destin\u00e9e \u00e0 un usage contre la fa\u00e7ade Convient pour un usage professionnel Disponible avec 8 \u00e0 14 \u00e9chelons<\/p>","protected":false},"featured_media":7139,"comment_status":"open","ping_status":"closed","template":"","meta":{"_acf_changed":false,"_bst_post_transparent":"default","_bst_post_title":"","_bst_post_layout":"default","_bst_post_sidebar_id":"","_bst_post_content_style":"default","_bst_post_vertical_padding":"default","_bst_post_feature":"","_bst_post_feature_position":"","_bst_post_header":false,"_bst_post_footer":false},"pwb-brand":[620],"product_brand":[],"product_cat":[463],"product_tag":[],"product_brands":[],"class_list":{"0":"post-7138","1":"product","2":"type-product","3":"status-publish","4":"has-post-thumbnail","6":"pwb-brand-altrex","7":"product_cat-echelles","9":"first","10":"instock","11":"shipping-taxable","12":"purchasable","13":"product-type-variable","14":"entry","15":"content-bg","16":"loop-entry"},"acf":[],"brands":[{"id":620,"name":"\u0623\u0644\u062a\u0631\u064a\u0643\u0633","slug":"altrex"}],"_links":{"self":[{"href":"https:\/\/monechelle.ma\/ar\/wp-json\/wp\/v2\/product\/7138","targetHints":{"allow":["GET"]}}],"collection":[{"href":"https:\/\/monechelle.ma\/ar\/wp-json\/wp\/v2\/product"}],"about":[{"href":"https:\/\/monechelle.ma\/ar\/wp-json\/wp\/v2\/types\/product"}],"replies":[{"embeddable":true,"href":"https:\/\/monechelle.ma\/ar\/wp-json\/wp\/v2\/comments?post=7138"}],"version-history":[{"count":7,"href":"https:\/\/monechelle.ma\/ar\/wp-json\/wp\/v2\/product\/7138\/revisions"}],"predecessor-version":[{"id":7171,"href":"https:\/\/monechelle.ma\/ar\/wp-json\/wp\/v2\/product\/7138\/revisions\/7171"}],"wp:featuredmedia":[{"embeddable":true,"href":"https:\/\/monechelle.ma\/ar\/wp-json\/wp\/v2\/media\/7139"}],"wp:attachment":[{"href":"https:\/\/monechelle.ma\/ar\/wp-json\/wp\/v2\/media?parent=7138"}],"wp:term":[{"taxonomy":"pwb-brand","embeddable":true,"href":"https:\/\/monechelle.ma\/ar\/wp-json\/wp\/v2\/pwb-brand?post=7138"},{"taxonomy":"product_brand","embeddable":true,"href":"https:\/\/monechelle.ma\/ar\/wp-json\/wp\/v2\/product_brand?post=7138"},{"taxonomy":"product_cat","embeddable":true,"href":"https:\/\/monechelle.ma\/ar\/wp-json\/wp\/v2\/product_cat?post=7138"},{"taxonomy":"product_tag","embeddable":true,"href":"https:\/\/monechelle.ma\/ar\/wp-json\/wp\/v2\/product_tag?post=7138"},{"taxonomy":"product_brands","embeddable":true,"href":"https:\/\/monechelle.ma\/ar\/wp-json\/wp\/v2\/product_brands?post=7138"}],"curies":[{"name":"wp","href":"https:\/\/api.w.org\/{rel}","templated":true}]}}