{"id":7651,"date":"2025-10-07T13:28:06","date_gmt":"2025-10-07T11:28:06","guid":{"rendered":"https:\/\/monechelle.ma\/?post_type=product&#038;p=7651"},"modified":"2026-04-07T12:42:01","modified_gmt":"2026-04-07T11:42:01","slug":"echelle-telescopique-1980","status":"publish","type":"product","link":"https:\/\/monechelle.ma\/ar\/product\/echelle-telescopique-1980\/","title":{"rendered":"\u0633\u0644\u0645 \u062a\u0644\u0633\u0643\u0648\u0628\u064a \u0628\u0644\u0627\u0637\u0641\u0648\u0631\u0645 \u0645\u0646 \u0627\u0644\u0623\u0644\u0648\u0645\u0646\u064a\u0648\u0645 1980"},"content":{"rendered":"<p>\u0633\u0644\u0645 \u0627\u062d\u062a\u0631\u0627\u0641\u064a \u0645\u0646 \u0639\u0627\u0645 1980 \u0645\u0632\u0648\u062f \u0628\u0645\u0646\u0635\u0629 \u0639\u0645\u0644\u060c \u0645\u0639\u062a\u0645\u062f \u0648\u0645\u062a\u0648\u0627\u0641\u0642 \u0645\u0639 \u0627\u0644\u0645\u0639\u0627\u064a\u064a\u0631 \u0648\u0645\u0636\u0627\u062f \u0644\u0644\u0627\u0646\u0642\u0644\u0627\u0628\u060c \u0648\u0647\u0630\u0647 \u0647\u064a \u0627\u0644\u0645\u0648\u0627\u0635\u0641\u0627\u062a \u0627\u0644\u0641\u0646\u064a\u0629:<\/p>\n<ul>\n<li>\u062f\u0631\u062c\u0627\u062a \u0645\u0631\u0628\u0639\u0629 \u0627\u0644\u0634\u0643\u0644 \u0645\u0642\u0627\u0633 30 \u00d7 30 \u0645\u0645\u060c \u0645\u0627\u0646\u0639\u0629 \u0644\u0644\u0627\u0646\u0632\u0644\u0627\u0642\u060c \u0645\u062a\u0635\u0644\u0629 \u0628\u0627\u0644\u0639\u0645\u0648\u062f \u0627\u0644\u0631\u0623\u0633\u064a \u0628\u062d\u0627\u0641\u0629 \u062f\u0627\u062e\u0644\u064a\u0629 \u0648\u062e\u0627\u0631\u062c\u064a\u0629<\/li>\n<li>\u062f\u0631\u062c\u0627\u062a \u062e\u0627\u0631\u062c\u064a\u0629 \u0645\u0635\u0646\u0648\u0639\u0629 \u0645\u0646 \u0645\u0642\u0637\u0639 \u062c\u0627\u0646\u0628\u064a \u0645\u0642\u0630\u0648\u0641 \u0628\u0633\u0645\u0627\u0643\u0629 \u0645\u062a\u0632\u0627\u064a\u062f\u0629 \u062a\u0645 \u062a\u062d\u0642\u064a\u0642\u0647\u0627 \u0645\u0646 \u062e\u0644\u0627\u0644 \u0644\u062d\u0627\u0645 \u0641\u0627\u0626\u0642 \u0627\u0644\u0645\u0642\u0627\u0648\u0645\u0629<\/li>\n<li>\u0643\u0628\u0633\u0648\u0644\u0627\u062a \u0648\u0627\u0642\u064a\u0629 \u0644\u0644\u062f\u0631\u062c\u0627\u062a \u0627\u0644\u062e\u0627\u0631\u062c\u064a\u0629\u060c \u0645\u0636\u0627\u062f\u0629 \u0644\u0644\u0627\u0646\u0641\u0635\u0627\u0644<\/li>\n<li>\u0645\u0646\u0635\u0629 \u0639\u0645\u0644 \u0643\u0628\u064a\u0631\u0629 \u0628\u0623\u0628\u0639\u0627\u062f 420 \u00d7 580 \u0645\u0645 \u0645\u0639 \u062d\u0627\u062c\u0632 150 \u0645\u0645<\/li>\n<li>\u062d\u0627\u062c\u0632 \u062d\u0645\u0627\u064a\u0629 \u0645\u062d\u064a\u0637 mt1<\/li>\n<li>\u0645\u063a\u0644\u0641 \u0628\u063a\u0644\u0627\u0641 \u0642\u0627\u0628\u0644 \u0644\u0644\u0627\u0646\u0643\u0645\u0627\u0634 \u0627\u0644\u062d\u0631\u0627\u0631\u064a\u060c \u0642\u0648\u064a \u0628\u0633\u0645\u0627\u0643\u0629 80 \u0645\u064a\u0643\u0631\u0648\u0646<\/li>\n<li>\u0639\u062c\u0644\u0627\u062a \u062e\u0644\u0641\u064a\u0629 \u0644\u0644\u0646\u0642\u0644 \u0645\u0646 \u0646\u0648\u0639 \u0627\u0644\u0639\u0631\u0628\u0629<\/li>\n<li>\u0635\u064a\u0646\u064a\u0629 \u0623\u062f\u0648\u0627\u062a \u0643\u0628\u064a\u0631\u0629 \u0645\u0646 \u0627\u0644\u0623\u0644\u0648\u0645\u0646\u064a\u0648\u0645 220 \u00d7 450 \u0645\u0645<\/li>\n<li>\u0633\u0646\u0629 \u0627\u0644\u0625\u0646\u062a\u0627\u062c \u0648\u0639\u0644\u0627\u0645\u0629 \u0627\u0644\u0645\u0646\u062a\u062c \u0627\u0644\u062a\u062c\u0627\u0631\u064a\u0629<\/li>\n<li>\u062f\u0644\u064a\u0644 \u0627\u0644\u0645\u0633\u062a\u062e\u062f\u0645 \u0648\u0627\u0644\u0625\u0631\u0634\u0627\u062f\u0627\u062a<\/li>\n<\/ul>\n<p>\u0633\u0644\u0645 \u0645\u0646\u0635\u0629 \u0645\u062a\u064a\u0646 \u0644\u0644\u063a\u0627\u064a\u0629\u060c \u0645\u0635\u0645\u0645 \u0628\u062f\u0642\u0629 \u0645\u062a\u0646\u0627\u0647\u064a\u0629 \u0628\u0645\u0646\u0635\u0629 \u0648\u0627\u0633\u0639\u0629 \u0648\u0622\u0645\u0646\u0629. \u064a\u0633\u0645\u062d \u0627\u0644\u0627\u0645\u062a\u062f\u0627\u062f \u0627\u0644\u062a\u0644\u0633\u0643\u0648\u0628\u064a \u0628\u062a\u0639\u062f\u064a\u0644 \u0627\u0644\u0627\u0631\u062a\u0641\u0627\u0639\u060c \u0645\u0645\u0627 \u064a\u062a\u064a\u062d \u0627\u0633\u062a\u064a\u0639\u0627\u0628 \u0627\u0644\u062a\u063a\u064a\u0631\u0627\u062a \u0627\u0644\u0643\u0628\u064a\u0631\u0629 \u0641\u064a \u0627\u0644\u0627\u0631\u062a\u0641\u0627\u0639 \u0648\u062a\u0642\u0644\u064a\u0644 \u0627\u0644\u062d\u062c\u0645 \u0623\u062b\u0646\u0627\u0621 \u0627\u0644\u0646\u0642\u0644. \u062a\u0636\u0645\u0646 \u0627\u0644\u0645\u062b\u0628\u062a\u0627\u062a \u0627\u0644\u0642\u0627\u0628\u0644\u0629 \u0644\u0644\u062a\u0639\u062f\u064a\u0644 \u062b\u0628\u0627\u062a \u0627\u0644\u0633\u0644\u0645 \u0627\u0644\u062a\u0627\u0645 \u0648\u0627\u0633\u062a\u064a\u0641\u0627\u0621 \u0645\u062a\u0637\u0644\u0628\u0627\u062a \u0645\u0646\u0639 \u0627\u0644\u0627\u0646\u0642\u0644\u0627\u0628.<\/p>\n<div class=\"scroll-horizontal\"><\/div>","protected":false},"excerpt":{"rendered":"<p>\u00c9chelle professionnelle 1980 avec plateforme de travail, r\u00e9glementaire certifi\u00e9e ANTI-RENVERSEMENT, ces caract\u00e9ristiques techniques : \u00c9chelons carr\u00e9s mm 30 x 30 antid\u00e9rapante reli\u00e9e au montant avec bord interne et externe Marches externes en profil extrud\u00e9 \u00e0 \u00e9paisseur major\u00e9e par une soudure supe r\u00e9sistante Capsules de protection marches externes anti d\u00e9tachement Grande plateforme de travail mm 420&#8230;<\/p>","protected":false},"featured_media":12692,"comment_status":"open","ping_status":"closed","template":"","meta":{"_acf_changed":false,"_bst_post_transparent":"default","_bst_post_title":"","_bst_post_layout":"default","_bst_post_sidebar_id":"","_bst_post_content_style":"default","_bst_post_vertical_padding":"default","_bst_post_feature":"","_bst_post_feature_position":"","_bst_post_header":false,"_bst_post_footer":false},"pwb-brand":[635],"product_brand":[],"product_cat":[566],"product_tag":[],"product_brands":[],"class_list":{"0":"post-7651","1":"product","2":"type-product","3":"status-publish","4":"has-post-thumbnail","6":"pwb-brand-frigerio","7":"product_cat-plateformes-pirl","9":"first","10":"instock","11":"shipping-taxable","12":"product-type-variable","13":"entry","14":"content-bg","15":"loop-entry"},"acf":[],"brands":[{"id":635,"name":"\u0641\u0631\u064a\u062c\u064a\u0631\u064a\u0648","slug":"frigerio"}],"_links":{"self":[{"href":"https:\/\/monechelle.ma\/ar\/wp-json\/wp\/v2\/product\/7651","targetHints":{"allow":["GET"]}}],"collection":[{"href":"https:\/\/monechelle.ma\/ar\/wp-json\/wp\/v2\/product"}],"about":[{"href":"https:\/\/monechelle.ma\/ar\/wp-json\/wp\/v2\/types\/product"}],"replies":[{"embeddable":true,"href":"https:\/\/monechelle.ma\/ar\/wp-json\/wp\/v2\/comments?post=7651"}],"version-history":[{"count":8,"href":"https:\/\/monechelle.ma\/ar\/wp-json\/wp\/v2\/product\/7651\/revisions"}],"predecessor-version":[{"id":9885,"href":"https:\/\/monechelle.ma\/ar\/wp-json\/wp\/v2\/product\/7651\/revisions\/9885"}],"wp:featuredmedia":[{"embeddable":true,"href":"https:\/\/monechelle.ma\/ar\/wp-json\/wp\/v2\/media\/12692"}],"wp:attachment":[{"href":"https:\/\/monechelle.ma\/ar\/wp-json\/wp\/v2\/media?parent=7651"}],"wp:term":[{"taxonomy":"pwb-brand","embeddable":true,"href":"https:\/\/monechelle.ma\/ar\/wp-json\/wp\/v2\/pwb-brand?post=7651"},{"taxonomy":"product_brand","embeddable":true,"href":"https:\/\/monechelle.ma\/ar\/wp-json\/wp\/v2\/product_brand?post=7651"},{"taxonomy":"product_cat","embeddable":true,"href":"https:\/\/monechelle.ma\/ar\/wp-json\/wp\/v2\/product_cat?post=7651"},{"taxonomy":"product_tag","embeddable":true,"href":"https:\/\/monechelle.ma\/ar\/wp-json\/wp\/v2\/product_tag?post=7651"},{"taxonomy":"product_brands","embeddable":true,"href":"https:\/\/monechelle.ma\/ar\/wp-json\/wp\/v2\/product_brands?post=7651"}],"curies":[{"name":"wp","href":"https:\/\/api.w.org\/{rel}","templated":true}]}}