{"id":9800,"date":"2025-12-24T11:07:28","date_gmt":"2025-12-24T10:07:28","guid":{"rendered":"https:\/\/monechelle.ma\/?post_type=product&#038;p=9800"},"modified":"2026-04-06T16:08:33","modified_gmt":"2026-04-06T15:08:33","slug":"echelle-transformable-kibo-1-plan","status":"publish","type":"product","link":"https:\/\/monechelle.ma\/ar\/product\/echelle-transformable-kibo-1-plan\/","title":{"rendered":"\u0633\u0644\u0645 \u0643\u064a\u0628\u0648 1 \u0642\u0633\u0645 \u0648\u0627\u062d\u062f \u0642\u0627\u0628\u0644 \u0644\u0644\u062a\u062d\u0648\u064a\u0644"},"content":{"rendered":"<ul class=\"inline-list inline-list--indent-0\">\n<li class=\"my-1\">\u0633\u0644\u0645 \u0641\u0631\u062f\u064a \u0645\u0631\u064a\u062d \u0645\u0635\u0645\u0645 \u0644\u0644\u0627\u0633\u062a\u062e\u062f\u0627\u0645 \u0627\u0644\u0634\u0627\u0642<\/li>\n<li class=\"my-1\">\u0645\u0646\u0627\u0633\u0628 \u0644\u0644\u0627\u0633\u062a\u062e\u062f\u0627\u0645 \u0627\u0644\u0645\u0647\u0646\u064a<\/li>\n<li class=\"my-1\">\u0645\u062a\u0648\u0641\u0631 \u0628\u0640 10 \u0625\u0644\u0649 16 \u062e\u0637\u0648\u0629<\/li>\n<\/ul>","protected":false},"excerpt":{"rendered":"<p>Echelle simple confortable destin\u00e9e \u00e0 un usage intensif Convient pour un usage professionnel Disponible avec 10 \u00e0 16 \u00e9chelons<\/p>","protected":false},"featured_media":9805,"comment_status":"open","ping_status":"closed","template":"","meta":{"_acf_changed":false,"_bst_post_transparent":"default","_bst_post_title":"","_bst_post_layout":"default","_bst_post_sidebar_id":"","_bst_post_content_style":"default","_bst_post_vertical_padding":"default","_bst_post_feature":"","_bst_post_feature_position":"","_bst_post_header":false,"_bst_post_footer":false},"pwb-brand":[620],"product_brand":[],"product_cat":[463],"product_tag":[],"product_brands":[],"class_list":{"0":"post-9800","1":"product","2":"type-product","3":"status-publish","4":"has-post-thumbnail","6":"pwb-brand-altrex","7":"product_cat-echelles","9":"first","10":"instock","11":"shipping-taxable","12":"product-type-variable","13":"entry","14":"content-bg","15":"loop-entry"},"acf":[],"brands":[{"id":620,"name":"\u0623\u0644\u062a\u0631\u064a\u0643\u0633","slug":"altrex"}],"_links":{"self":[{"href":"https:\/\/monechelle.ma\/ar\/wp-json\/wp\/v2\/product\/9800","targetHints":{"allow":["GET"]}}],"collection":[{"href":"https:\/\/monechelle.ma\/ar\/wp-json\/wp\/v2\/product"}],"about":[{"href":"https:\/\/monechelle.ma\/ar\/wp-json\/wp\/v2\/types\/product"}],"replies":[{"embeddable":true,"href":"https:\/\/monechelle.ma\/ar\/wp-json\/wp\/v2\/comments?post=9800"}],"version-history":[{"count":3,"href":"https:\/\/monechelle.ma\/ar\/wp-json\/wp\/v2\/product\/9800\/revisions"}],"predecessor-version":[{"id":9877,"href":"https:\/\/monechelle.ma\/ar\/wp-json\/wp\/v2\/product\/9800\/revisions\/9877"}],"wp:featuredmedia":[{"embeddable":true,"href":"https:\/\/monechelle.ma\/ar\/wp-json\/wp\/v2\/media\/9805"}],"wp:attachment":[{"href":"https:\/\/monechelle.ma\/ar\/wp-json\/wp\/v2\/media?parent=9800"}],"wp:term":[{"taxonomy":"pwb-brand","embeddable":true,"href":"https:\/\/monechelle.ma\/ar\/wp-json\/wp\/v2\/pwb-brand?post=9800"},{"taxonomy":"product_brand","embeddable":true,"href":"https:\/\/monechelle.ma\/ar\/wp-json\/wp\/v2\/product_brand?post=9800"},{"taxonomy":"product_cat","embeddable":true,"href":"https:\/\/monechelle.ma\/ar\/wp-json\/wp\/v2\/product_cat?post=9800"},{"taxonomy":"product_tag","embeddable":true,"href":"https:\/\/monechelle.ma\/ar\/wp-json\/wp\/v2\/product_tag?post=9800"},{"taxonomy":"product_brands","embeddable":true,"href":"https:\/\/monechelle.ma\/ar\/wp-json\/wp\/v2\/product_brands?post=9800"}],"curies":[{"name":"wp","href":"https:\/\/api.w.org\/{rel}","templated":true}]}}